{"id":1226,"date":"2019-09-10T11:13:57","date_gmt":"2019-09-10T11:13:57","guid":{"rendered":"https:\/\/www.zsp9-poznan.pl\/?page_id=1226"},"modified":"2025-06-13T11:17:40","modified_gmt":"2025-06-13T09:17:40","slug":"rodo","status":"publish","type":"page","link":"https:\/\/zsp9.poznan.pl\/?page_id=1226","title":{"rendered":"RODO"},"content":{"rendered":"<p>INFORMACJA O PRZETWARZANIU DANYCH OSOBOWYCH<\/p>\n<p><b>Inspektor Ochrony Danych\u00a0<br \/><\/b><\/p>\n<p><span>mo\u017cna si\u0119 kontaktowa\u0107 poprzez e-mail:<b><a href=\"mailto:iod6_oswiata@um.poznan.pl\" rel=\"noopener\" target=\"_blank\">iod2_mjo@um.poznan.pl<\/a><\/b><\/span><\/p>\n<p><strong>Zast\u0119pca Inspektora Ochrony Danych Osobowych <\/strong><\/p>\n<p>mail :<span>\u00a0<\/span><b><a href=\"mailto:iod7_mjo@um.poznan.pl\" target=\"_blank\" rel=\"noopener\">iod7_mjo@um.poznan.pl<\/a><br \/><\/b><\/p>\n<p><span>lub pisemnie na adres: plac Kolegiacki 17, 61-841 Pozna\u0144.<\/span><\/p>\n<p><span>lub pisemnie na adres: plac Kolegiacki 17, 61-841 Pozna\u0144.<\/span><\/p>\n\n\n<div class=\"wp-block-file\"><a href=\"https:\/\/www.zsp9-poznan.pl\/wp-content\/uploads\/2023\/03\/1.-SP_Klauzula-informacyjna_-ogolna-7.pdf\">1.INFORMACJA O PRZETWARZANIU DANYCH<br>OSOBOWYCH RODZIC\u00d3W I UCZNIA<\/a><a href=\"https:\/\/www.zsp9-poznan.pl\/wp-content\/uploads\/2023\/03\/1.-SP_Klauzula-informacyjna_-ogolna-7.pdf\" class=\"wp-block-file__button\" download>Pobierz<\/a><\/div>\n\n\n\n<div class=\"wp-block-file\"><a href=\"https:\/\/www.zsp9-poznan.pl\/wp-content\/uploads\/2023\/03\/1.-SP_Klauzula-informacyjna_-ogolna-1-W.pdf\">1.Przetwarzanie danych osobowych<\/a><a href=\"https:\/\/www.zsp9-poznan.pl\/wp-content\/uploads\/2023\/03\/1.-SP_Klauzula-informacyjna_-ogolna-1-W.pdf\" class=\"wp-block-file__button\" download>Pobierz<\/a><\/div>\n\n\n\n<div class=\"wp-block-file\"><a href=\"https:\/\/www.zsp9-poznan.pl\/wp-content\/uploads\/2023\/03\/5b.-SP_wizerunek-dziecka-i-opiekuna-prawnego_wersja-rozszerzona-1-pdf.io_.pdf\">2.INFORMACJA O PRZETWARZANIU DANYCH OSOBOWYCH- MONITORING WIZYJNY.<\/a><a href=\"https:\/\/www.zsp9-poznan.pl\/wp-content\/uploads\/2023\/03\/5b.-SP_wizerunek-dziecka-i-opiekuna-prawnego_wersja-rozszerzona-1-pdf.io_.pdf\" class=\"wp-block-file__button\" download>Pobierz<\/a><\/div>\n\n\n\n<div class=\"wp-block-file\"><a href=\"https:\/\/www.zsp9-poznan.pl\/wp-content\/uploads\/2023\/11\/ZSP-9-klauzula-informacyjna-Neonki.pdf\">ZSP 9 klauzula informacyjna Neonki<\/a><a href=\"https:\/\/www.zsp9-poznan.pl\/wp-content\/uploads\/2023\/11\/ZSP-9-klauzula-informacyjna-Neonki.pdf\" class=\"wp-block-file__button\" download>Pobierz<\/a><\/div>\n\n\n\n<p><\/p>\n","protected":false},"excerpt":{"rendered":"<p>INFORMACJA O PRZETWARZANIU DANYCH OSOBOWYCH Inspektor Ochrony Danych\u00a0 mo\u017cna si\u0119 kontaktowa\u0107 poprzez e-mail:iod2_mjo@um.poznan.pl Zast\u0119pca Inspektora Ochrony Danych Osobowych mail :\u00a0iod7_mjo@um.poznan.pl lub pisemnie na adres: plac Kolegiacki 17, 61-841 Pozna\u0144. lub pisemnie na adres: plac Kolegiacki 17, 61-841 Pozna\u0144.<\/p>\n","protected":false},"author":2,"featured_media":0,"parent":0,"menu_order":0,"comment_status":"closed","ping_status":"closed","template":"","meta":[],"_links":{"self":[{"href":"https:\/\/zsp9.poznan.pl\/index.php?rest_route=\/wp\/v2\/pages\/1226"}],"collection":[{"href":"https:\/\/zsp9.poznan.pl\/index.php?rest_route=\/wp\/v2\/pages"}],"about":[{"href":"https:\/\/zsp9.poznan.pl\/index.php?rest_route=\/wp\/v2\/types\/page"}],"author":[{"embeddable":true,"href":"https:\/\/zsp9.poznan.pl\/index.php?rest_route=\/wp\/v2\/users\/2"}],"replies":[{"embeddable":true,"href":"https:\/\/zsp9.poznan.pl\/index.php?rest_route=%2Fwp%2Fv2%2Fcomments&post=1226"}],"version-history":[{"count":19,"href":"https:\/\/zsp9.poznan.pl\/index.php?rest_route=\/wp\/v2\/pages\/1226\/revisions"}],"predecessor-version":[{"id":4914,"href":"https:\/\/zsp9.poznan.pl\/index.php?rest_route=\/wp\/v2\/pages\/1226\/revisions\/4914"}],"wp:attachment":[{"href":"https:\/\/zsp9.poznan.pl\/index.php?rest_route=%2Fwp%2Fv2%2Fmedia&parent=1226"}],"curies":[{"name":"wp","href":"https:\/\/api.w.org\/{rel}","templated":true}]}}