{"id":1754,"date":"2019-11-04T12:48:57","date_gmt":"2019-11-04T12:48:57","guid":{"rendered":"https:\/\/www.zsp9-poznan.pl\/?page_id=1754"},"modified":"2020-12-11T11:04:57","modified_gmt":"2020-12-11T11:04:57","slug":"piorkiem-pisane","status":"publish","type":"page","link":"https:\/\/zsp9.poznan.pl\/?page_id=1754","title":{"rendered":"PI\u00d3RKIEM PISANE"},"content":{"rendered":"<p><img loading=\"lazy\" src=\"https:\/\/www.zsp9-poznan.pl\/wp-content\/uploads\/2019\/11\/PIORKO-PISANE-300x300.jpg\" alt=\"\" class=\"wp-image-1755 alignleft\" width=\"194\" height=\"194\" srcset=\"https:\/\/zsp9.poznan.pl\/wp-content\/uploads\/2019\/11\/PIORKO-PISANE-300x300.jpg 300w, https:\/\/zsp9.poznan.pl\/wp-content\/uploads\/2019\/11\/PIORKO-PISANE-150x150.jpg 150w, https:\/\/zsp9.poznan.pl\/wp-content\/uploads\/2019\/11\/PIORKO-PISANE.jpg 500w\" sizes=\"(max-width: 194px) 100vw, 194px\" \/><\/p>\n<p><em>Pi\u00f3rkiem pisane<\/em> to nazwa prowadzonych w szkole warsztat\u00f3w tworzenia tekst\u00f3w. Podczas zaj\u0119\u0107 uczniowie rozwijaj\u0105 swoje umiej\u0119tno\u015bci pisarskie. Piszemy na r\u00f3\u017cne tematy i w r\u00f3\u017cnej formie. Niekt\u00f3rzy pisz\u0105 w domu i przynosz\u0105 swoje prace do odczytu na zaj\u0119cia lub lekcje j\u0119zyka polskiego. W zak\u0142adce <em>Pi\u00f3rkiem pisane <\/em>mo\u017cecie odnale\u017a\u0107 prace Waszych koleg\u00f3w i&nbsp;kole\u017canek: rozprawki, recenzje, opowiadania. Znajdziecie tu r\u00f3wnie\u017c nagrodzone w&nbsp;konkursach prace literackie. Zach\u0119camy do lektury, a je\u017celi sami borykacie si\u0119 z pisarstwem, potraktujcie nasze teksty jako inspiracje.<\/p>\n<p>Najnowsze:<\/p>\n<p style=\"text-align: left;\">Balladyna &#8211; prezentacja autorstwa uczni\u00f3w: Kacpra Kowalewskiego, Adrian Frysiaka, Piotra Dominiaka, Macieja Galickiego<\/p>\n<p><a href=\"https:\/\/www.zsp9-poznan.pl\/wp-content\/uploads\/2020\/02\/Balladyna-p.pdf\">Balladyna-p<\/a>rezentacja<\/p>\n<p style=\"text-align: left;\">\n<p><strong>Tekst&nbsp;Tomasza Machnickiego kl. 6b<\/strong>, rok szkolny 2019\/2020 &#8211;&nbsp;<a href=\"https:\/\/www.zsp9-poznan.pl\/wp-content\/uploads\/2019\/11\/Ba\u015bniob\u00f3r.pdf\">Ba\u015bniob\u00f3r<\/a><\/p>\n<p><strong>Tekst Oliviera Pawlika&nbsp; kl. 7b<\/strong>, rok szkolny 2019\/2020&nbsp; &#8211;&nbsp;<a href=\"https:\/\/www.zsp9-poznan.pl\/wp-content\/uploads\/2019\/11\/Sprz\u0105tanie-\u015bwiata.pdf\">Sprz\u0105tanie \u015bwiata<\/a><\/p>\n<p>O<span data-offset-key=\"2ud-0-0\">powiadanie <strong>Tomka Machnickiego kl. 6b<\/strong> <a href=\"https:\/\/www.zsp9-poznan.pl\/wp-content\/uploads\/2020\/01\/NIED\u0179WIEDZIA-PRZYS\u0141UGA-zwi\u0105zek-frazeologiczny-konkurs-1.pdf\"><strong>Nied\u017awiedzia przys\u0142uga<\/strong> <\/a><\/span><\/p>\n<p><span data-offset-key=\"2ud-0-0\">Recenzja spektaklu teatralnego &#8222;Niecodzienna kolacja&#8221; pi\u00f3rem <strong>Magdy Kryjom kl. 7b<a href=\"https:\/\/www.zsp9-poznan.pl\/wp-content\/uploads\/2020\/01\/Recenzja-przedstawienia.pdf\"> Recenzja przedstawienia<\/a><\/strong> <\/span><\/p>\n<p><span data-offset-key=\"2ud-0-0\">Motywowane bajk\u0105 Ignacego Krasickiego opowiadanie <strong>Adriana Biega\u0144skiego kl. 6b <a href=\"https:\/\/www.zsp9-poznan.pl\/wp-content\/uploads\/2020\/01\/b\u0142ysk-talentu.pdf\">B\u0142ysk talentu<\/a><br \/>\n<\/strong><\/span><\/p>\n","protected":false},"excerpt":{"rendered":"<p>Pi\u00f3rkiem pisane to nazwa prowadzonych w szkole warsztat\u00f3w tworzenia tekst\u00f3w. Podczas zaj\u0119\u0107 uczniowie rozwijaj\u0105 swoje umiej\u0119tno\u015bci pisarskie. Piszemy na r\u00f3\u017cne tematy i w r\u00f3\u017cnej formie. Niekt\u00f3rzy pisz\u0105 w domu i przynosz\u0105 swoje prace do odczytu na zaj\u0119cia lub lekcje j\u0119zyka polskiego. W zak\u0142adce Pi\u00f3rkiem pisane mo\u017cecie odnale\u017a\u0107 prace Waszych koleg\u00f3w [&hellip;]<\/p>\n","protected":false},"author":2,"featured_media":0,"parent":959,"menu_order":0,"comment_status":"closed","ping_status":"closed","template":"","meta":[],"_links":{"self":[{"href":"https:\/\/zsp9.poznan.pl\/index.php?rest_route=\/wp\/v2\/pages\/1754"}],"collection":[{"href":"https:\/\/zsp9.poznan.pl\/index.php?rest_route=\/wp\/v2\/pages"}],"about":[{"href":"https:\/\/zsp9.poznan.pl\/index.php?rest_route=\/wp\/v2\/types\/page"}],"author":[{"embeddable":true,"href":"https:\/\/zsp9.poznan.pl\/index.php?rest_route=\/wp\/v2\/users\/2"}],"replies":[{"embeddable":true,"href":"https:\/\/zsp9.poznan.pl\/index.php?rest_route=%2Fwp%2Fv2%2Fcomments&post=1754"}],"version-history":[{"count":10,"href":"https:\/\/zsp9.poznan.pl\/index.php?rest_route=\/wp\/v2\/pages\/1754\/revisions"}],"predecessor-version":[{"id":3797,"href":"https:\/\/zsp9.poznan.pl\/index.php?rest_route=\/wp\/v2\/pages\/1754\/revisions\/3797"}],"up":[{"embeddable":true,"href":"https:\/\/zsp9.poznan.pl\/index.php?rest_route=\/wp\/v2\/pages\/959"}],"wp:attachment":[{"href":"https:\/\/zsp9.poznan.pl\/index.php?rest_route=%2Fwp%2Fv2%2Fmedia&parent=1754"}],"curies":[{"name":"wp","href":"https:\/\/api.w.org\/{rel}","templated":true}]}}