{"id":2368,"date":"2020-08-31T08:41:41","date_gmt":"2020-08-31T08:41:41","guid":{"rendered":"https:\/\/www.zsp9-poznan.pl\/?page_id=2368"},"modified":"2020-12-11T10:54:25","modified_gmt":"2020-12-11T10:54:25","slug":"covid-19-informacje","status":"publish","type":"page","link":"https:\/\/zsp9.poznan.pl\/?page_id=2368","title":{"rendered":"Covid-19 informacje"},"content":{"rendered":"\n<div class=\"wp-block-themeisle-blocks-advanced-columns has-1-columns has-desktop-equal-layout has-tablet-equal-layout has-mobile-equal-layout has-default-gap has-vertical-unset\" id=\"wp-block-themeisle-blocks-advanced-columns-beb0a473\"><div class=\"wp-block-themeisle-blocks-advanced-columns-overlay\"><\/div><div class=\"innerblocks-wrap\">\n<div class=\"wp-block-themeisle-blocks-advanced-column\" id=\"wp-block-themeisle-blocks-advanced-column-1ee84237\">\n<p class=\"has-header-gradient-background-color has-background\">W poni\u017cszych za\u0142\u0105cznikach umie\u015bcili\u015bmy procedury i regulaminy. <\/p>\n\n\n\n<p class=\"has-header-gradient-background-color has-background\">Prosimy o zapoznanie si\u0119 z wszystkimi dokumentami.<\/p>\n<\/div>\n<\/div><\/div>\n\n\n\n<div class=\"wp-block-file\"><a href=\"https:\/\/www.zsp9-poznan.pl\/wp-content\/uploads\/2020\/08\/Procedury-COVID-19-002.pdf\">Procedury COVID-19 (002)<\/a><a href=\"https:\/\/www.zsp9-poznan.pl\/wp-content\/uploads\/2020\/08\/Procedury-COVID-19-002.pdf\" class=\"wp-block-file__button\" download>Pobierz<\/a><\/div>\n\n\n\n<div class=\"wp-block-file\"><a href=\"https:\/\/www.zsp9-poznan.pl\/wp-content\/uploads\/2020\/08\/Procedura-przeprowadzania-dezynfekcji-w-szkole-i-przedszkolach.pdf\">Procedura przeprowadzania dezynfekcji w szkole i przedszkolach<\/a><a href=\"https:\/\/www.zsp9-poznan.pl\/wp-content\/uploads\/2020\/08\/Procedura-przeprowadzania-dezynfekcji-w-szkole-i-przedszkolach.pdf\" class=\"wp-block-file__button\" download>Pobierz<\/a><\/div>\n\n\n\n<div class=\"wp-block-file\"><a href=\"https:\/\/www.zsp9-poznan.pl\/wp-content\/uploads\/2020\/08\/Regulamin-przebywania-na-terenie-Szko\u0142y-Podstawowej-nr-93-w-w-trakcie-epidemii-COVID-n.pdf\">Regulamin przebywania na terenie Szko\u0142y Podstawowej nr 93 w w trakcie epidemii<\/a><a href=\"https:\/\/www.zsp9-poznan.pl\/wp-content\/uploads\/2020\/08\/Regulamin-przebywania-na-terenie-Szko\u0142y-Podstawowej-nr-93-w-w-trakcie-epidemii-COVID-n.pdf\" class=\"wp-block-file__button\" download>Pobierz<\/a><\/div>\n\n\n\n<div class=\"wp-block-file\"><a href=\"https:\/\/www.zsp9-poznan.pl\/wp-content\/uploads\/2020\/08\/Regulamin-zajec-swietlicowych-w-okresie-pandemii.pdf\">Regulamin zaje\u0328c\u0301 s\u0301wietlicowych w okresie pandemii<\/a><a href=\"https:\/\/www.zsp9-poznan.pl\/wp-content\/uploads\/2020\/08\/Regulamin-zajec-swietlicowych-w-okresie-pandemii.pdf\" class=\"wp-block-file__button\" download>Pobierz<\/a><\/div>\n\n\n\n<div class=\"wp-block-file\"><a href=\"https:\/\/www.zsp9-poznan.pl\/wp-content\/uploads\/2020\/08\/Regulamin-Korzystania-z-Zasobow-Biblioteki-Szkoly-Podstawowej-nr-93-w-Poznaniu-w-czasie-zagrozenia-epidemicznego.pdf\">Regulamin Korzystania z Zasobo\u0301w Biblioteki Szko\u0142y Podstawowej nr 93 w Poznaniu w czasie zagro\u017cenia epidemicznego<\/a><a href=\"https:\/\/www.zsp9-poznan.pl\/wp-content\/uploads\/2020\/08\/Regulamin-Korzystania-z-Zasobow-Biblioteki-Szkoly-Podstawowej-nr-93-w-Poznaniu-w-czasie-zagrozenia-epidemicznego.pdf\" class=\"wp-block-file__button\" download>Pobierz<\/a><\/div>\n\n\n\n<div class=\"wp-block-file\"><a href=\"https:\/\/www.zsp9-poznan.pl\/wp-content\/uploads\/2020\/08\/Regulaminy-wych.fiz_.pdf\">Regulamin ad.Wychowanie Fizycznego<\/a><a href=\"https:\/\/www.zsp9-poznan.pl\/wp-content\/uploads\/2020\/08\/Regulaminy-wych.fiz_.pdf\" class=\"wp-block-file__button\" download>Pobierz<\/a><\/div>\n\n\n\n<div class=\"wp-block-file\"><a href=\"https:\/\/www.zsp9-poznan.pl\/wp-content\/uploads\/2020\/08\/Srodki-kontroli-temperatury.pdf\">\u015arodki kontroli temperatury<\/a><a href=\"https:\/\/www.zsp9-poznan.pl\/wp-content\/uploads\/2020\/08\/Srodki-kontroli-temperatury.pdf\" class=\"wp-block-file__button\" download>Pobierz<\/a><\/div>\n\n\n\n<div class=\"wp-block-file\"><a href=\"https:\/\/www.zsp9-poznan.pl\/wp-content\/uploads\/2020\/08\/klauzula-informacyjna-SP.pdf\">klauzula informacyjna SP<\/a><a href=\"https:\/\/www.zsp9-poznan.pl\/wp-content\/uploads\/2020\/08\/klauzula-informacyjna-SP.pdf\" class=\"wp-block-file__button\" download>Pobierz<\/a><\/div>\n\n\n\n<p><\/p>\n","protected":false},"excerpt":{"rendered":"","protected":false},"author":2,"featured_media":0,"parent":0,"menu_order":0,"comment_status":"closed","ping_status":"closed","template":"","meta":[],"_links":{"self":[{"href":"https:\/\/zsp9.poznan.pl\/index.php?rest_route=\/wp\/v2\/pages\/2368"}],"collection":[{"href":"https:\/\/zsp9.poznan.pl\/index.php?rest_route=\/wp\/v2\/pages"}],"about":[{"href":"https:\/\/zsp9.poznan.pl\/index.php?rest_route=\/wp\/v2\/types\/page"}],"author":[{"embeddable":true,"href":"https:\/\/zsp9.poznan.pl\/index.php?rest_route=\/wp\/v2\/users\/2"}],"replies":[{"embeddable":true,"href":"https:\/\/zsp9.poznan.pl\/index.php?rest_route=%2Fwp%2Fv2%2Fcomments&post=2368"}],"version-history":[{"count":9,"href":"https:\/\/zsp9.poznan.pl\/index.php?rest_route=\/wp\/v2\/pages\/2368\/revisions"}],"predecessor-version":[{"id":2667,"href":"https:\/\/zsp9.poznan.pl\/index.php?rest_route=\/wp\/v2\/pages\/2368\/revisions\/2667"}],"wp:attachment":[{"href":"https:\/\/zsp9.poznan.pl\/index.php?rest_route=%2Fwp%2Fv2%2Fmedia&parent=2368"}],"curies":[{"name":"wp","href":"https:\/\/api.w.org\/{rel}","templated":true}]}}