{"id":2498,"date":"2020-10-05T17:23:59","date_gmt":"2020-10-05T17:23:59","guid":{"rendered":"https:\/\/www.zsp9-poznan.pl\/?page_id=2498"},"modified":"2020-12-11T10:57:48","modified_gmt":"2020-12-11T10:57:48","slug":"nauczanie-zdalne","status":"publish","type":"page","link":"https:\/\/zsp9.poznan.pl\/?page_id=2498","title":{"rendered":"Nauczanie zdalne"},"content":{"rendered":"\n<div class=\"wp-block-themeisle-blocks-advanced-columns has-1-columns has-desktop-equal-layout has-tablet-equal-layout has-mobile-equal-layout has-default-gap has-vertical-unset\" id=\"wp-block-themeisle-blocks-advanced-columns-86ed7368\"><div class=\"wp-block-themeisle-blocks-advanced-columns-overlay\"><\/div><div class=\"innerblocks-wrap\">\n<div class=\"wp-block-themeisle-blocks-advanced-column\" id=\"wp-block-themeisle-blocks-advanced-column-aa131b8d\">\n<p class=\"has-header-gradient-background-color has-background\">W poni\u017cszych dokumentach znajdziecie Pa\u0144stwo informacje reguluj\u0105ce prac\u0119 szko\u0142y w trybie zdalnego nauczania<\/p>\n<\/div>\n<\/div><\/div>\n\n\n\n<div class=\"wp-block-file\"><a href=\"https:\/\/www.zsp9-poznan.pl\/wp-content\/uploads\/2020\/10\/Procedura-nauczania-zdalnego-1.pdf\">Procedura nauczania zdalnego (1)<\/a><a href=\"https:\/\/www.zsp9-poznan.pl\/wp-content\/uploads\/2020\/10\/Procedura-nauczania-zdalnego-1.pdf\" class=\"wp-block-file__button\" download>Pobierz<\/a><\/div>\n\n\n\n<div class=\"wp-block-file\"><a href=\"https:\/\/www.zsp9-poznan.pl\/wp-content\/uploads\/2020\/10\/Regulamin-kszta\u0142cenia-na-odleg\u0142o\u015b\u0107-poprawiony.pdf\">Regulamin kszta\u0142cenia na odleg\u0142os\u0301c\u0301 <\/a><a href=\"https:\/\/www.zsp9-poznan.pl\/wp-content\/uploads\/2020\/10\/Regulamin-kszta\u0142cenia-na-odleg\u0142o\u015b\u0107-poprawiony.pdf\" class=\"wp-block-file__button\" download>Pobierz<\/a><\/div>\n\n\n\n<div class=\"wp-block-file\"><a href=\"https:\/\/www.zsp9-poznan.pl\/wp-content\/uploads\/2020\/10\/WSO-nauczanie-na-odleg\u0142o\u015b\u0107-NFD-1.pdf\">WSO nauczanie na odleg\u0142os\u0301c\u0301<\/a><a href=\"https:\/\/www.zsp9-poznan.pl\/wp-content\/uploads\/2020\/10\/WSO-nauczanie-na-odleg\u0142o\u015b\u0107-NFD-1.pdf\" class=\"wp-block-file__button\" download>Pobierz<\/a><\/div>\n\n\n\n<div class=\"wp-block-file\"><a href=\"https:\/\/www.zsp9-poznan.pl\/wp-content\/uploads\/2020\/10\/REGULAMIN-KORZYSTANIA-Z-SYSTEMU-GOOGLE-G-SUITE-w-ZSP-nr-9-w-Poznaniu.pdf\">Regulamin korzystania z systemu GOOGLE G SUITE w ZSP nr 9 w Poznaniu<\/a><a href=\"https:\/\/www.zsp9-poznan.pl\/wp-content\/uploads\/2020\/10\/REGULAMIN-KORZYSTANIA-Z-SYSTEMU-GOOGLE-G-SUITE-w-ZSP-nr-9-w-Poznaniu.pdf\" class=\"wp-block-file__button\" download>Pobierz<\/a><\/div>\n\n\n\n<p><\/p>\n","protected":false},"excerpt":{"rendered":"","protected":false},"author":2,"featured_media":0,"parent":0,"menu_order":0,"comment_status":"closed","ping_status":"closed","template":"","meta":[],"_links":{"self":[{"href":"https:\/\/zsp9.poznan.pl\/index.php?rest_route=\/wp\/v2\/pages\/2498"}],"collection":[{"href":"https:\/\/zsp9.poznan.pl\/index.php?rest_route=\/wp\/v2\/pages"}],"about":[{"href":"https:\/\/zsp9.poznan.pl\/index.php?rest_route=\/wp\/v2\/types\/page"}],"author":[{"embeddable":true,"href":"https:\/\/zsp9.poznan.pl\/index.php?rest_route=\/wp\/v2\/users\/2"}],"replies":[{"embeddable":true,"href":"https:\/\/zsp9.poznan.pl\/index.php?rest_route=%2Fwp%2Fv2%2Fcomments&post=2498"}],"version-history":[{"count":3,"href":"https:\/\/zsp9.poznan.pl\/index.php?rest_route=\/wp\/v2\/pages\/2498\/revisions"}],"predecessor-version":[{"id":2572,"href":"https:\/\/zsp9.poznan.pl\/index.php?rest_route=\/wp\/v2\/pages\/2498\/revisions\/2572"}],"wp:attachment":[{"href":"https:\/\/zsp9.poznan.pl\/index.php?rest_route=%2Fwp%2Fv2%2Fmedia&parent=2498"}],"curies":[{"name":"wp","href":"https:\/\/api.w.org\/{rel}","templated":true}]}}