{"id":25,"date":"2018-11-24T17:19:10","date_gmt":"2018-11-24T17:19:10","guid":{"rendered":"https:\/\/zsp9-poznan.pl\/?page_id=25"},"modified":"2025-01-13T12:26:28","modified_gmt":"2025-01-13T11:26:28","slug":"o-szkole","status":"publish","type":"page","link":"https:\/\/zsp9.poznan.pl\/?page_id=25","title":{"rendered":"DOKUMENTY"},"content":{"rendered":"<p>Zapraszamy do zapoznania si\u0119 z&nbsp; dokumentami naszej plac\u00f3wki.<\/p>\n\n\n<div class=\"wp-block-file\"><a href=\"https:\/\/www.zsp9-poznan.pl\/wp-content\/uploads\/2025\/01\/godziny-dostepnosci.xlsx-SP-2024-2025.pdf\">Godziny dost\u0119pno\u015bci nauczycieli 2024-2025<\/a><a href=\"https:\/\/www.zsp9-poznan.pl\/wp-content\/uploads\/2025\/01\/godziny-dostepnosci.xlsx-SP-2024-2025.pdf\" class=\"wp-block-file__button\" download>Pobierz<\/a><\/div>\n\n\n\n<p class=\"has-header-gradient-background-color has-background\">STATUTY<\/p>\n\n\n\n<div class=\"wp-block-file\"><a href=\"https:\/\/www.zsp9-poznan.pl\/wp-content\/uploads\/2020\/01\/Statut-Zespo\u0142u-Szkolno-Przedszkolnego-nr-9-w-Poznaniu-.pdf\">Statut Zespo\u0142u Szkolno-Przedszkolnego nr 9 w Poznaniu<\/a><a href=\"https:\/\/www.zsp9-poznan.pl\/wp-content\/uploads\/2020\/01\/Statut-Zespo\u0142u-Szkolno-Przedszkolnego-nr-9-w-Poznaniu-.pdf\" class=\"wp-block-file__button\" download>Pobierz<\/a><\/div>\n\n\n\n<div class=\"wp-block-file\"><a href=\"https:\/\/www.zsp9-poznan.pl\/wp-content\/uploads\/2022\/11\/Aneks-do-Statutu-Zespolu-Szkolno.docx.pdf\">Aneks do Statutu Zespo\u0142u Szkolno &#8211; Przedszkolnego<\/a><a href=\"https:\/\/www.zsp9-poznan.pl\/wp-content\/uploads\/2022\/11\/Aneks-do-Statutu-Zespolu-Szkolno.docx.pdf\" class=\"wp-block-file__button\" download>Pobierz<\/a><\/div>\n\n\n\n<div class=\"wp-block-file\"><a href=\"https:\/\/www.zsp9-poznan.pl\/wp-content\/uploads\/2024\/09\/Statut-1-wrzes\u0301nia-2024-C.pdf\">Statut Szko\u0142y Podstawowej nr 93<\/a><a href=\"https:\/\/www.zsp9-poznan.pl\/wp-content\/uploads\/2024\/09\/Statut-1-wrzes\u0301nia-2024-C.pdf\" class=\"wp-block-file__button\" download>Pobierz<\/a><\/div>\n\n\n\n<div class=\"wp-block-file\"><a href=\"https:\/\/www.zsp9-poznan.pl\/wp-content\/uploads\/2020\/01\/STATUT-PRZEDSZKOLA-193.pdf\">Statut Przedszkola nr 193<\/a><a href=\"https:\/\/www.zsp9-poznan.pl\/wp-content\/uploads\/2020\/01\/STATUT-PRZEDSZKOLA-193.pdf\" class=\"wp-block-file__button\" download>Pobierz<\/a><\/div>\n\n\n\n<p><a href=\"http:\/\/www.przedszkole184.pl\/\">Przedszkole nr 184<\/a><\/p>\n\n\n\n<p class=\"has-header-gradient-background-color has-background\">REGULAMINY<\/p>\n\n\n\n<div class=\"wp-block-file\"><a href=\"https:\/\/www.zsp9-poznan.pl\/wp-content\/uploads\/2019\/09\/REGULAMIN-FUNKCJONOWANIA-DZIENNIKA-ELEKTRONICZNEGO-LIBRUS-W-ZESPOLE-SZKOLNO.pdf\">Regulamin funkcjonowania dziennika elektronicznego Librus z ZSP 9<\/a><a href=\"https:\/\/www.zsp9-poznan.pl\/wp-content\/uploads\/2019\/09\/REGULAMIN-FUNKCJONOWANIA-DZIENNIKA-ELEKTRONICZNEGO-LIBRUS-W-ZESPOLE-SZKOLNO.pdf\" class=\"wp-block-file__button\" download>Pobierz<\/a><\/div>\n\n\n\n<div class=\"wp-block-file\"><a href=\"https:\/\/www.zsp9-poznan.pl\/wp-content\/uploads\/2023\/09\/Regulamin-przebywania-na-terenie-SP-93.pdf\">Regulamin przebywania na terenie SP 93<\/a><a href=\"https:\/\/www.zsp9-poznan.pl\/wp-content\/uploads\/2023\/09\/Regulamin-przebywania-na-terenie-SP-93.pdf\" class=\"wp-block-file__button\" download>Pobierz<\/a><\/div>\n\n\n\n<div class=\"wp-block-file\"><a href=\"https:\/\/www.zsp9-poznan.pl\/wp-content\/uploads\/2024\/09\/Regulamin-przebywania-na-terenie-ZSP9-1.pdf\">Regulamin przebywania na terenie ZSP 9<\/a><a href=\"https:\/\/www.zsp9-poznan.pl\/wp-content\/uploads\/2024\/09\/Regulamin-przebywania-na-terenie-ZSP9-1.pdf\" class=\"wp-block-file__button\" download>Pobierz<\/a><\/div>\n\n\n\n<div class=\"wp-block-file\"><a href=\"https:\/\/www.zsp9-poznan.pl\/wp-content\/uploads\/2019\/09\/REGULAMIN-WEJ\u015aCIA-I-WYJ\u015aCIA-Z-PRZEDSZKOLA.pdf\">Regulamin przebywania, wej\u015bcia i wyj\u015bcia &#8211; Przedszkole 193<\/a><a href=\"https:\/\/www.zsp9-poznan.pl\/wp-content\/uploads\/2019\/09\/REGULAMIN-WEJ\u015aCIA-I-WYJ\u015aCIA-Z-PRZEDSZKOLA.pdf\" class=\"wp-block-file__button\" download>Pobierz<\/a><\/div>\n\n\n\n<div class=\"wp-block-file\"><a href=\"https:\/\/www.zsp9-poznan.pl\/wp-content\/uploads\/2023\/09\/Regulamin-zajec-swietlicowych.pdf\">Aneks do Regulaminu zaj\u0119\u0107 \u015bwietlicowych 2023\/2024<\/a><a href=\"https:\/\/www.zsp9-poznan.pl\/wp-content\/uploads\/2023\/09\/Regulamin-zajec-swietlicowych.pdf\" class=\"wp-block-file__button\" download>Pobierz<\/a><\/div>\n\n\n\n<div class=\"wp-block-file\"><a href=\"https:\/\/www.zsp9-poznan.pl\/wp-content\/uploads\/2019\/09\/SZKOLNY-REGULAMIN-WYPO\u017bYCZANIA-DARMOWYCH-PODR\u0118CZNIK\u00d3W.pdf\">Szkolny regulamin wypo\u017cyczania podr\u0119cznik\u00f3w<\/a><a href=\"https:\/\/www.zsp9-poznan.pl\/wp-content\/uploads\/2019\/09\/SZKOLNY-REGULAMIN-WYPO\u017bYCZANIA-DARMOWYCH-PODR\u0118CZNIK\u00d3W.pdf\" class=\"wp-block-file__button\" download>Pobierz<\/a><\/div>\n\n\n\n<div class=\"wp-block-file\"><a href=\"https:\/\/www.zsp9-poznan.pl\/wp-content\/uploads\/2019\/09\/REGULAMIN-KORZYSTANIA-Z-SZAFEK-SZKOLNYCH.pdf\">Regulamin korzystania z szafek szkolnych<\/a><a href=\"https:\/\/www.zsp9-poznan.pl\/wp-content\/uploads\/2019\/09\/REGULAMIN-KORZYSTANIA-Z-SZAFEK-SZKOLNYCH.pdf\" class=\"wp-block-file__button\" download>Pobierz<\/a><\/div>\n\n\n\n<div class=\"wp-block-file\"><a href=\"https:\/\/www.zsp9-poznan.pl\/wp-content\/uploads\/2020\/09\/Wniosek-o-opini\u0119.pdf\"><br>Wniosek o wydanie opinii o uczniu<\/a><a href=\"https:\/\/www.zsp9-poznan.pl\/wp-content\/uploads\/2020\/09\/Wniosek-o-opini\u0119.pdf\" class=\"wp-block-file__button\" download>Pobierz<\/a><\/div>\n\n\n\n<div class=\"wp-block-file\"><a href=\"https:\/\/www.zsp9-poznan.pl\/wp-content\/uploads\/2020\/09\/kwestionariusz-ucznia.pdf\">Kwestionariusz ucznia<\/a><a href=\"https:\/\/www.zsp9-poznan.pl\/wp-content\/uploads\/2020\/09\/kwestionariusz-ucznia.pdf\" class=\"wp-block-file__button\" download>Pobierz<\/a><\/div>\n\n\n\n<div class=\"wp-block-file\"><a href=\"https:\/\/www.zsp9-poznan.pl\/wp-content\/uploads\/2020\/09\/WNIOSEK-O-WYDANIE-DUPLIKATU-LEGITYMACJI-SZKOLNEJ.pdf\">Wniosek o wydanie duplikatu legitymacji szkolnej<\/a><a href=\"https:\/\/www.zsp9-poznan.pl\/wp-content\/uploads\/2020\/09\/WNIOSEK-O-WYDANIE-DUPLIKATU-LEGITYMACJI-SZKOLNEJ.pdf\" class=\"wp-block-file__button\" download>Pobierz<\/a><\/div>\n\n\n\n<div class=\"wp-block-file\"><a href=\"https:\/\/www.zsp9-poznan.pl\/wp-content\/uploads\/2023\/10\/Regulamin-zajec-swietlicowych.pdf\">Regulamin zaj\u0119\u0107 \u015bwietlicowych<\/a><a href=\"https:\/\/www.zsp9-poznan.pl\/wp-content\/uploads\/2023\/10\/Regulamin-zajec-swietlicowych.pdf\" class=\"wp-block-file__button\" download>Pobierz<\/a><\/div>\n","protected":false},"excerpt":{"rendered":"<p>Zapraszamy do zapoznania si\u0119 z&nbsp; dokumentami naszej plac\u00f3wki. STATUTY Przedszkole nr 184 REGULAMINY<\/p>\n","protected":false},"author":2,"featured_media":0,"parent":0,"menu_order":0,"comment_status":"closed","ping_status":"closed","template":"","meta":[],"_links":{"self":[{"href":"https:\/\/zsp9.poznan.pl\/index.php?rest_route=\/wp\/v2\/pages\/25"}],"collection":[{"href":"https:\/\/zsp9.poznan.pl\/index.php?rest_route=\/wp\/v2\/pages"}],"about":[{"href":"https:\/\/zsp9.poznan.pl\/index.php?rest_route=\/wp\/v2\/types\/page"}],"author":[{"embeddable":true,"href":"https:\/\/zsp9.poznan.pl\/index.php?rest_route=\/wp\/v2\/users\/2"}],"replies":[{"embeddable":true,"href":"https:\/\/zsp9.poznan.pl\/index.php?rest_route=%2Fwp%2Fv2%2Fcomments&post=25"}],"version-history":[{"count":39,"href":"https:\/\/zsp9.poznan.pl\/index.php?rest_route=\/wp\/v2\/pages\/25\/revisions"}],"predecessor-version":[{"id":3830,"href":"https:\/\/zsp9.poznan.pl\/index.php?rest_route=\/wp\/v2\/pages\/25\/revisions\/3830"}],"wp:attachment":[{"href":"https:\/\/zsp9.poznan.pl\/index.php?rest_route=%2Fwp%2Fv2%2Fmedia&parent=25"}],"curies":[{"name":"wp","href":"https:\/\/api.w.org\/{rel}","templated":true}]}}