{"id":258,"date":"2018-11-26T09:18:48","date_gmt":"2018-11-26T09:18:48","guid":{"rendered":"https:\/\/zsp9-poznan.pl\/?page_id=258"},"modified":"2025-06-13T11:21:05","modified_gmt":"2025-06-13T09:21:05","slug":"kontakt","status":"publish","type":"page","link":"https:\/\/zsp9.poznan.pl\/?page_id=258","title":{"rendered":"KONTAKT"},"content":{"rendered":"\n<p> Godziny pracy sekretariatu: od 8:00 do 15:00 <\/p>\n\n\n\n<p>W I semestrze w roku szkolnym 2022\/2023 dyrektor Dominika Naworska pe\u0142ni dy\u017cur telefoniczny w poniedzia\u0142ek w godz. 08:30-09:30, we \u015brod\u0119 w godz. 13:00-14:30. W tym czasie dyrektor jest do Pa\u0144stwa dyspozycji. <\/p>\n\n\n\n<p>Wicedyrektorzy pe\u0142ni\u0105 dy\u017cur: wtorek 14:00-15:00, czwartek 14:00-15:00<\/p>\n\n\n\n<p>w tym czasie wicedyrektorzy s\u0105 do Pa\u0144stwa dyspozycji.<\/p>\n\n\n<div data-canvas-width=\"307.34400000000005\"><\/div>\n<div data-canvas-width=\"219.376\">Zesp\u00f3\u0142 Szkolno Przedszkolny nr 9<\/div>\n<div data-canvas-width=\"175.64799999999997\">adres: ul. Umultowska 114, 61-614 Pozna\u0144<\/div>\n<div data-canvas-width=\"87.024\"><\/div>\n<div data-canvas-width=\"87.024\">adres e-mail:<\/div>\n<div data-canvas-width=\"178.52800000000002\">sekretariat@zsp9-poznan.pl<\/div>\n<div data-canvas-width=\"135.44\"><\/div>\n<div data-canvas-width=\"135.44\">Numery kontaktowe:<\/div>\n<div data-canvas-width=\"93.68\"><\/div>\n<div data-canvas-width=\"93.68\"><strong>Sekretariat: 61 102 13 74<\/strong><\/div>\n<div data-canvas-width=\"93.68\">numery wewn\u0119trzne:<\/div>\n<div data-canvas-width=\"93.68\"><\/div>\n<div data-canvas-width=\"93.68\">75 sekretariat<\/div>\n<div data-canvas-width=\"93.68\">79 piel\u0119gniarka<\/div>\n<div data-canvas-width=\"93.68\">80 kadry<\/div>\n<div data-canvas-width=\"93.68\">81 portiernia<\/div>\n<div data-canvas-width=\"93.68\">82 przedszkole<\/div>\n<div data-canvas-width=\"93.68\">83 \u015bwietlica<\/div>\n<div data-canvas-width=\"93.68\">84 biblioteka<\/div>\n<div data-canvas-width=\"93.68\">85 pedagog\/ psycholog<\/div>\n<div data-canvas-width=\"93.68\"><\/div>\n<div data-canvas-width=\"203.29600000000005\">Kierownik Administracyjny: 61 102 13 80<\/div>\n<div data-canvas-width=\"169.69599999999997\"><\/div>\n<div data-canvas-width=\"169.69599999999997\">Przedszkole: 61 102 13 82<\/div>\n<div data-canvas-width=\"79.424\"><\/div>\n<div data-canvas-width=\"79.424\">\u015awietlica 61102 13 83<\/div>\n<div data-canvas-width=\"150.576\"><\/div>\n<div data-canvas-width=\"150.576\">Psycholog\/Pedagog; 61 102 13 85<\/div>\n<p><\/p>","protected":false},"excerpt":{"rendered":"<p>Godziny pracy sekretariatu: od 8:00 do 15:00 W I semestrze w roku szkolnym 2022\/2023 dyrektor Dominika Naworska pe\u0142ni dy\u017cur telefoniczny w poniedzia\u0142ek w godz. 08:30-09:30, we \u015brod\u0119 w godz. 13:00-14:30. W tym czasie dyrektor jest do Pa\u0144stwa dyspozycji. Wicedyrektorzy pe\u0142ni\u0105 dy\u017cur: wtorek 14:00-15:00, czwartek 14:00-15:00 w tym czasie wicedyrektorzy s\u0105 [&hellip;]<\/p>\n","protected":false},"author":2,"featured_media":0,"parent":0,"menu_order":0,"comment_status":"closed","ping_status":"closed","template":"","meta":[],"_links":{"self":[{"href":"https:\/\/zsp9.poznan.pl\/index.php?rest_route=\/wp\/v2\/pages\/258"}],"collection":[{"href":"https:\/\/zsp9.poznan.pl\/index.php?rest_route=\/wp\/v2\/pages"}],"about":[{"href":"https:\/\/zsp9.poznan.pl\/index.php?rest_route=\/wp\/v2\/types\/page"}],"author":[{"embeddable":true,"href":"https:\/\/zsp9.poznan.pl\/index.php?rest_route=\/wp\/v2\/users\/2"}],"replies":[{"embeddable":true,"href":"https:\/\/zsp9.poznan.pl\/index.php?rest_route=%2Fwp%2Fv2%2Fcomments&post=258"}],"version-history":[{"count":11,"href":"https:\/\/zsp9.poznan.pl\/index.php?rest_route=\/wp\/v2\/pages\/258\/revisions"}],"predecessor-version":[{"id":4918,"href":"https:\/\/zsp9.poznan.pl\/index.php?rest_route=\/wp\/v2\/pages\/258\/revisions\/4918"}],"wp:attachment":[{"href":"https:\/\/zsp9.poznan.pl\/index.php?rest_route=%2Fwp%2Fv2%2Fmedia&parent=258"}],"curies":[{"name":"wp","href":"https:\/\/api.w.org\/{rel}","templated":true}]}}