{"id":2707,"date":"2021-04-26T21:00:48","date_gmt":"2021-04-26T19:00:48","guid":{"rendered":"https:\/\/www.zsp9-poznan.pl\/?page_id=2707"},"modified":"2025-03-20T15:26:40","modified_gmt":"2025-03-20T14:26:40","slug":"deklaracja-dostepnosci","status":"publish","type":"page","link":"https:\/\/zsp9.poznan.pl\/?page_id=2707","title":{"rendered":"Deklaracja dost\u0119pno\u015bci"},"content":{"rendered":"<p><strong><span id=\"a11y-podmiot\">Zesp\u00f3\u0142 Szkolno Przedszkolny nr 9 <\/span> <\/strong>zobowi\u0105zuje si\u0119 zapewni\u0107 dost\u0119pno\u015b\u0107 swojej strony internetowej zgodnie z przepisami ustawy z dnia 4 kwietnia 2019 r. o dost\u0119pno\u015bci cyfrowej stron internetowych i aplikacji mobilnych podmiot\u00f3w publicznych. O\u015bwiadczenie w sprawie dost\u0119pno\u015bci ma zastosowanie do strony internetowej <a id=\"a11y-url\" href=\"https:\/\/www.zsp9-poznan.pl\/\">https:\/\/www.zsp9-poznan.pl<\/a><\/p>\n<p>Data publikacji strony internetowej: <span id=\"a11y-data-publikacja\">2018-08-27<\/span><\/p>\n<p>Data ostatniej istotnej aktualizacji: <span id=\"a11y-data-aktualizacja\">2025-03-19<\/span><\/p>\n<p>Strona internetowa jest\u00a0<strong>cz\u0119\u015bciowo zgodna<\/strong>\u00a0z ustaw\u0105 z dnia 4 kwietnia 2019 r. o dost\u0119pno\u015bci cyfrowej stron internetowych i aplikacji mobilnych podmiot\u00f3w publicznych z powodu niezgodno\u015bci lub wy\u0142\u0105cze\u0144 wymienionych poni\u017cej.<\/p>\n<ul>\n<li>Problem z wchodzeniem z poziomu klawiatury w podmenu w menu g\u0142\u00f3wnym*<\/li>\n<li>Brak ukrytego menu pozwalaj\u0105cego na przeskoczenie do konkretnego elementu strony www*<\/li>\n<li>Na podstronach nie ma umieszczonej \u015bcie\u017cki powrotu*<\/li>\n<li>Za niski kontrast dla niekt\u00f3rych element\u00f3w strony*<\/li>\n<li>Nie wszystkie istotne elementy serwisu s\u0105 opisane zgodnie ze specyfikacj\u0105 WAI-ARIA*<\/li>\n<\/ul>\n<p>Strona posiada nast\u0119puj\u0105ce u\u0142atwienia dla os\u00f3b z niepe\u0142nosprawno\u015bciami:<\/p>\n<ol>\n<li>wersj\u0119 kontrastow\u0105,<\/li>\n<li>mo\u017cliwo\u015b\u0107 zmiany rozmiaru tekstu,<\/li>\n<\/ol>\n<p>U\u0142atwienia z punktu pierwszego i drugiego s\u0105 dost\u0119pne po lewej stronie strony.<\/p>\n<p>O\u015bwiadczenie sporz\u0105dzono dnia: <span id=\"a11y-data-sporzadzenie\">2020-04-26<\/span>. Deklaracj\u0119 sporz\u0105dzi\u0142a firma Wikira Group sp. z o.o., kt\u00f3ra przeprowadzi\u0142a audyt.<\/p>\n<h4>Skr\u00f3ty klawiaturowe<\/h4>\n<p>Na stronie internetowej mo\u017cna u\u017cywa\u0107 standardowych skr\u00f3t\u00f3w klawiaturowych przegl\u0105darki.<\/p>\n<h3 id=\"a11y-kontakt\">Informacje zwrotne i dane kontaktowe<\/h3>\n<p>W przypadku problem\u00f3w z dost\u0119pno\u015bci\u0105 strony internetowej prosimy o kontakt. Osob\u0105 kontaktow\u0105 jest Patrycja Bugajewska, sekretariat@zsp9-poznan.pl. Kontaktowa\u0107 mo\u017cna si\u0119 tak\u017ce dzwoni\u0105c w godzinach pracy administracji na numer telefonu 611021374. T\u0105 sam\u0105 drog\u0105 mo\u017cna sk\u0142ada\u0107 wnioski o udost\u0119pnienie informacji niedost\u0119pnej oraz sk\u0142ada\u0107 skargi na brak zapewnienia dost\u0119pno\u015bci.<\/p>\n<p id=\"a11y-procedura\">Ka\u017cdy ma prawo do wyst\u0105pienia z \u017c\u0105daniem zapewnienia dost\u0119pno\u015bci cyfrowej strony internetowej, aplikacji mobilnej lub jakiego\u015b ich elementu. Mo\u017cna tak\u017ce za\u017c\u0105da\u0107 udost\u0119pnienia informacji w formach alternatywnych, na przyk\u0142ad odczytanie niedost\u0119pnego cyfrowo dokumentu, opisania zawarto\u015bci filmu bez audiodeskrypcji itp. \u017b\u0105danie powinno zawiera\u0107 dane osoby zg\u0142aszaj\u0105cej \u017c\u0105danie, wskazanie, o kt\u00f3r\u0105 stron\u0119 internetow\u0105 lub aplikacj\u0119 mobiln\u0105 chodzi oraz spos\u00f3b kontaktu. Je\u017celi osoba \u017c\u0105daj\u0105ca zg\u0142asza potrzeb\u0119 otrzymania informacji w formie alternatywnej, powinna tak\u017ce okre\u015bli\u0107 form\u0119 tej informacji.<\/p>\n<p>Podmiot publiczny powinien zrealizowa\u0107 \u017c\u0105danie niezw\u0142ocznie i nie p\u00f3\u017aniej, ni\u017c w ci\u0105gu 7 dni. Je\u017celi dotrzymanie tego terminu nie jest mo\u017cliwe, podmiot publiczny niezw\u0142ocznie informuje o tym, kiedy realizacja \u017c\u0105dania b\u0119dzie mo\u017cliwa, przy czym termin ten nie mo\u017ce by\u0107 d\u0142u\u017cszy ni\u017c 2 miesi\u0105ce. Je\u017celi zapewnienie dost\u0119pno\u015bci nie jest mo\u017cliwe, podmiot publiczny mo\u017ce zaproponowa\u0107 alternatywny spos\u00f3b dost\u0119pu do informacji.<\/p>\n<p>W przypadku, gdy podmiot odm\u00f3wi realizacji \u017c\u0105dania zapewnienia dost\u0119pno\u015bci lub alternatywnego dost\u0119pu do informacji, mo\u017cna z\u0142o\u017cy\u0107 skarg\u0119 na takie dzia\u0142anie.<\/p>\n<p>Po wyczerpaniu wszystkich mo\u017cliwo\u015bci skarg\u0119 mo\u017cna przes\u0142a\u0107 tak\u017ce do\u00a0Rzecznika Praw Obywatelskich. Na poni\u017cszej stronie zosta\u0142o wyja\u015bnione jak zg\u0142osi\u0107 si\u0119 do Rzecznika Praw Obywatelskich: <a href=\"https:\/\/www.rpo.gov.pl\/content\/jak-zglosic-sie-do-rzecznika-praw-obywatelskich\">https:\/\/www.rpo.gov.pl\/content\/jak-zglosic-sie-do-rzecznika-praw-obywatelskich<\/a><\/p>\n<h4>Deklaracja architektoniczna:<\/h4>\n<ol>\n<li>Do budynku szko\u0142y prowadzi g\u0142\u00f3wne wej\u015bcie znajduj\u0105ce si\u0119 od ulicy Umultowskiej 114, nie prowadz\u0105 do niego schody, brak podjazd\u00f3w dla niepe\u0142nosprawnych. Nad wej\u015bciami nie ma g\u0142o\u015bnik\u00f3w systemu naprowadzaj\u0105cego d\u017awi\u0119kowo osoby niewidome i s\u0142abowidz\u0105ce.<\/li>\n<li>Na terenie szko\u0142y znajduje si\u0119 5 miejsc parkingowe dla niepe\u0142nosprawnych.<\/li>\n<li>Osobami oddelegowanymi do udzielania informacji przy wej\u015bciu g\u0142\u00f3wnym s\u0105 pracownicy obs\u0142ugi.<\/li>\n<li>W budynku na ka\u017cdym poziomie (parter, 1 pi\u0119tro, 2 pi\u0119tro) znajduje si\u0119 korytarz. Budynek posiada wind\u0119.<\/li>\n<li>W budynku nie ma dostosowa\u0144 dla os\u00f3b niepe\u0142nosprawnych (toalety, barierki).<\/li>\n<li>Do szko\u0142y mo\u017ce wej\u015b\u0107 osoba z psem asystuj\u0105cym i psem przewodnikiem.<\/li>\n<li>W szkole nie ma mo\u017cliwo\u015bci skorzystania z t\u0142umacza j\u0119zyka migowego.<\/li>\n<\/ol>\n<h4>Dane kontaktowe:<\/h4>\n<p>Zesp\u00f3\u0142 Szkolno Przedszkolny nr 9<br \/>\nadres: ul. Umultowska 114, 61-614 Pozna\u0144<br \/>\nadres e-mail:<br \/>\nsekretariat@zsp9-poznan.pl<br \/>\nNumery kontaktowe:<br \/>\nSekretariat: 61 102 13 74<br \/>\nKierownik Administracyjny: 61 102 13 80<br \/>\nPrzedszkole: 61 102 13 82<br \/>\n\u015awietlica 61102 13 83<br \/>\nPsycholog\/Pedagog; 61 102 13 85<\/p>\n<p><strong>* Powodem jest fakt, \u017ce poprawienie dost\u0119pno\u015bci nios\u0142oby za sob\u0105 nadmierne obci\u0105\u017cenia dla podmiotu publicznego.<\/strong><\/p>\n","protected":false},"excerpt":{"rendered":"<p>Zesp\u00f3\u0142 Szkolno Przedszkolny nr 9 zobowi\u0105zuje si\u0119 zapewni\u0107 dost\u0119pno\u015b\u0107 swojej strony internetowej zgodnie z przepisami ustawy z dnia 4 kwietnia 2019 r. o dost\u0119pno\u015bci cyfrowej stron internetowych i aplikacji mobilnych podmiot\u00f3w publicznych. O\u015bwiadczenie w sprawie dost\u0119pno\u015bci ma zastosowanie do strony internetowej https:\/\/www.zsp9-poznan.pl Data publikacji strony internetowej: 2018-08-27 Data ostatniej istotnej [&hellip;]<\/p>\n","protected":false},"author":3,"featured_media":0,"parent":0,"menu_order":0,"comment_status":"closed","ping_status":"closed","template":"","meta":[],"_links":{"self":[{"href":"https:\/\/zsp9.poznan.pl\/index.php?rest_route=\/wp\/v2\/pages\/2707"}],"collection":[{"href":"https:\/\/zsp9.poznan.pl\/index.php?rest_route=\/wp\/v2\/pages"}],"about":[{"href":"https:\/\/zsp9.poznan.pl\/index.php?rest_route=\/wp\/v2\/types\/page"}],"author":[{"embeddable":true,"href":"https:\/\/zsp9.poznan.pl\/index.php?rest_route=\/wp\/v2\/users\/3"}],"replies":[{"embeddable":true,"href":"https:\/\/zsp9.poznan.pl\/index.php?rest_route=%2Fwp%2Fv2%2Fcomments&post=2707"}],"version-history":[{"count":6,"href":"https:\/\/zsp9.poznan.pl\/index.php?rest_route=\/wp\/v2\/pages\/2707\/revisions"}],"predecessor-version":[{"id":4822,"href":"https:\/\/zsp9.poznan.pl\/index.php?rest_route=\/wp\/v2\/pages\/2707\/revisions\/4822"}],"wp:attachment":[{"href":"https:\/\/zsp9.poznan.pl\/index.php?rest_route=%2Fwp%2Fv2%2Fmedia&parent=2707"}],"curies":[{"name":"wp","href":"https:\/\/api.w.org\/{rel}","templated":true}]}}