{"id":2760,"date":"2021-09-07T21:22:56","date_gmt":"2021-09-07T19:22:56","guid":{"rendered":"https:\/\/www.zsp9-poznan.pl\/?page_id=2760"},"modified":"2024-09-03T19:33:31","modified_gmt":"2024-09-03T17:33:31","slug":"kalendarz-roku-szkolnego-2021-22","status":"publish","type":"page","link":"https:\/\/zsp9.poznan.pl\/?page_id=2760","title":{"rendered":"KALENDARZ ROKU SZKOLNEGO 2024\/25"},"content":{"rendered":"\n<div class=\"wp-block-columns\">\n<div class=\"wp-block-column\" style=\"flex-basis:100%\">\n<div class=\"wp-block-columns\">\n<div class=\"wp-block-column\" style=\"flex-basis:100%\">\n<p>Zapraszamy do zapoznania si\u0119 z rozk\u0142adem zaj\u0119\u0107 naszej szko\u0142y<\/p>\n\n\n\n<div class=\"wp-block-file\"><a href=\"https:\/\/www.zsp9-poznan.pl\/wp-content\/uploads\/2024\/09\/kalendarz-roku-2024-25.docx.pdf\">kalendarz roku 2024 \/ 25<\/a><a href=\"https:\/\/www.zsp9-poznan.pl\/wp-content\/uploads\/2024\/09\/kalendarz-roku-2024-25.docx.pdf\" class=\"wp-block-file__button\" download>Pobierz<\/a><\/div>\n<\/div>\n<\/div>\n<\/div>\n<\/div>\n\n\n\n<p><\/p>\n","protected":false},"excerpt":{"rendered":"","protected":false},"author":2,"featured_media":0,"parent":0,"menu_order":0,"comment_status":"closed","ping_status":"closed","template":"","meta":[],"_links":{"self":[{"href":"https:\/\/zsp9.poznan.pl\/index.php?rest_route=\/wp\/v2\/pages\/2760"}],"collection":[{"href":"https:\/\/zsp9.poznan.pl\/index.php?rest_route=\/wp\/v2\/pages"}],"about":[{"href":"https:\/\/zsp9.poznan.pl\/index.php?rest_route=\/wp\/v2\/types\/page"}],"author":[{"embeddable":true,"href":"https:\/\/zsp9.poznan.pl\/index.php?rest_route=\/wp\/v2\/users\/2"}],"replies":[{"embeddable":true,"href":"https:\/\/zsp9.poznan.pl\/index.php?rest_route=%2Fwp%2Fv2%2Fcomments&post=2760"}],"version-history":[{"count":10,"href":"https:\/\/zsp9.poznan.pl\/index.php?rest_route=\/wp\/v2\/pages\/2760\/revisions"}],"predecessor-version":[{"id":3743,"href":"https:\/\/zsp9.poznan.pl\/index.php?rest_route=\/wp\/v2\/pages\/2760\/revisions\/3743"}],"wp:attachment":[{"href":"https:\/\/zsp9.poznan.pl\/index.php?rest_route=%2Fwp%2Fv2%2Fmedia&parent=2760"}],"curies":[{"name":"wp","href":"https:\/\/api.w.org\/{rel}","templated":true}]}}