{"id":3217,"date":"2022-11-28T14:31:35","date_gmt":"2022-11-28T13:31:35","guid":{"rendered":"https:\/\/www.zsp9-poznan.pl\/?page_id=3217"},"modified":"2024-01-30T12:18:54","modified_gmt":"2024-01-30T11:18:54","slug":"rada-rodzicow","status":"publish","type":"page","link":"https:\/\/zsp9.poznan.pl\/?page_id=3217","title":{"rendered":"Rada Rodzic\u00f3w"},"content":{"rendered":"\n<p>W sk\u0142ad Rady Rodzic\u00f3w wchodz\u0105 : Przewodnicz\u0105cy <strong>Pawe\u0142 Twardowski<\/strong>, <\/p>\n\n\n\n<p>Z-ca Przewodnicz\u0105cego <strong>Beata G\u00f3recka<\/strong>,  Skarbnik <strong>Joanna Zaj\u0105c<\/strong><\/p>\n\n\n\n<p><strong>Rada Rodzic\u00f3w<\/strong> to organ szko\u0142y, kt\u00f3rego zadaniem jest reprezentowanie rodzic\u00f3w oraz prawnych opiekun\u00f3w wszystkich uczni\u00f3w szko\u0142y.Dzi\u0119ki gromadzeniu funduszypochodz\u0105cych z dobrowolnych wp\u0142at rodzic\u00f3w wspieramy rozw\u00f3j naszych dzieci, ich pasji. Dbamy o bezpiecze\u0144stwie oraz uatrakcyjnienie pobytu w Polsce. Zebrane \u015brodki finansowe przeznaczane s\u0105 na potrzeby uczni\u00f3w, dlatego serdecznie zach\u0119camy Pa\u0144stwa do wp\u0142at. Pa\u0144stwa zaaga\u017cowanie i wsparcie finansowe jest niezwykle wa\u017cne. Jeste\u015bmy otwarci na wszelki propozycje oraz inicjatywy, kt\u00f3re jako Rada Rodzic\u00f3w mo\u017cemy wesprze\u0107, w kt\u00f3re mo\u017cemy sie anga\u017cowa\u0107, nie tylko finansowo.<\/p>\n\n\n\n<p><br><strong>Drodzy Rodzice,<\/strong><\/p>\n\n\n\n<p>bez Waszego wsparcia, mobilizacji oraz wp\u0142at na szkoln\u0105 RR nie byliby\u015bmy w stanie dzia\u0142a\u0107 na tak\u0105 skal\u0119. Jeste\u015bmy Wam ogromnie wdzi\u0119czni za coroczn\u0105 mobilizacj\u0119.&nbsp;Dlatego jako przedstawiciele Szkolnej Rady Rodzic\u00f3w chcemy podzieli\u0107 si\u0119 z Wami kilkoma informacjami z naszej dzia\u0142alno\u015bci.&nbsp;<\/p>\n\n\n\n<p><strong>W skr\u00f3cie przedstawiamy co uda\u0142o si\u0119 do tej pory sfinansowa\u0107\/zakupi\u0107:<\/strong><\/p>\n\n\n\n<ol><li>Dzi\u0119ki zdolnosciom naszych mam, dziedziniec szko\u0142y wyglada kolorowo i weso\u0142o. Cieszy oko kazdego, kto to zobaczy.<\/li><\/ol>\n\n\n\n<p>2. Ka\u017cdego wrze\u015bnia, RR finansuje upominki dla naszych pierwszoklasist\u00f3w (&nbsp; eko-pi\u00f3rniki z wyposa\u017ceniem )<\/p>\n\n\n\n<p>3. W 2022 roku dofinansowali\u015bmy wycieczki dla 10 uczni\u00f3w, kt\u00f3rych rodzice nie byli w stanie sfinansowa\u0107 &nbsp;samodzielnie<\/p>\n\n\n\n<p>4. Do\u0142\u0105czyli\u015bmy si\u0119 finansowo do wielu zbi\u00f3rek na rzecz dzieci z Ukrainy, kt\u00f3re ucz\u0105 si\u0119 w naszej szkole<\/p>\n\n\n\n<p>5. Zakupili\u015bmy trzy tablice interaktywne<\/p>\n\n\n\n<p>6. Regularnie finansujemy nagrody na konkursy organizowane przez Nauczycieli oraz \u015awietlic\u0119<\/p>\n\n\n\n<p>7. Zakupili\u015bmy namioty, kt\u00f3re pos\u0142u\u017c\u0105 do organizacji imprez szkolnych takich jak kiermasz \u015awi\u0105teczny czy Dzie\u0144 Dziecka<\/p>\n\n\n\n<p>8. Na zako\u0144czenie roku szkolnego&nbsp; finansujemy nagrody dla uczni\u00f3w, kt\u00f3rzy otrzymali \u015bwiadectwo z \u201e czerwonym paskiem\u201d<\/p>\n\n\n\n<p>9. Sfinansowali\u015bmy DJ-a na bal \u00f3smoklasisty<\/p>\n\n\n\n<p>10.&nbsp;Z okazji Dnia Nauczyciela wyposa\u017cyli\u015bmy pok\u00f3j nauczycielski w mikrofal\u0119, czajniki, kwiaty doniczkowe<\/p>\n\n\n\n<p>11. Sfinansowali\u015bmy ekip\u0119 fotograficzn\u0105, kt\u00f3ra wykona\u0142a zdj\u0119cia klasowe oraz zdj\u0119cia do kalendarzy<\/p>\n\n\n\n<p>12. Dofinasowujemy co roku 50% do upomink\u00f3w dla klas 8<\/p>\n\n\n\n<p><strong>Ponadto zorganizowali\u015bmy i sfinansowali\u015bmy:<\/strong><\/p>\n\n\n\n<p><strong>Kiermasz \u015bwi\u0105teczny<\/strong>, gdzie ufundowali\u015bmy nagrody za naj\u0142adniejsze stoisko i zorganizowali\u015bmy loteri\u0119 z nagrodami<\/p>\n\n\n\n<p><strong>Dzie\u0144 Dziecka<\/strong>, gdzie sfinansowali\u015bmy akrobat\u00f3w, dmucha\u0144ce, b\u0119bny, tatua\u017ce, malowanie twarzy,&nbsp; lody, popcorn i wat\u0119 cukrow\u0105<\/p>\n\n\n\n<p><strong>Zawody w czworoboju lekkoatletycznym<\/strong> dla klas 4-8, gdzie sfinansowali\u015bmy medale i puchary dla zawodnik\u00f3w<\/p>\n\n\n\n<p>B\u0119dziemy Was informowa\u0107 o dalszych dzia\u0142aniach- a mamy ich w planach jeszcze du\u017co.<\/p>\n\n\n\n<p><strong>Je\u017celi chcecie si\u0119 podzieli\u0107 z nami Waszymi pomys\u0142ami, sugestiami to pro\u015bba o kontakt z przedstawicielami klasowymi w RR lub bezpo\u015brednio z naszym Zarz\u0105dem przez Librusa<img alt=\"&#x1f60a;\" src=\"https:\/\/fonts.gstatic.com\/s\/e\/notoemoji\/15.0\/1f60a\/32.png\"><\/strong><\/p>\n\n\n\n<p>\u017byczymy Wam wszystkiego dobrego<\/p>\n\n\n\n<p><strong>Rada Rodzic\u00f3w SP nr 93&nbsp;<\/strong><\/p>\n\n\n\n<p><\/p>\n","protected":false},"excerpt":{"rendered":"<p>W sk\u0142ad Rady Rodzic\u00f3w wchodz\u0105 : Przewodnicz\u0105cy Pawe\u0142 Twardowski, Z-ca Przewodnicz\u0105cego Beata G\u00f3recka, Skarbnik Joanna Zaj\u0105c Rada Rodzic\u00f3w to organ szko\u0142y, kt\u00f3rego zadaniem jest reprezentowanie rodzic\u00f3w oraz prawnych opiekun\u00f3w wszystkich uczni\u00f3w szko\u0142y.Dzi\u0119ki gromadzeniu funduszypochodz\u0105cych z dobrowolnych wp\u0142at rodzic\u00f3w wspieramy rozw\u00f3j naszych dzieci, ich pasji. Dbamy o bezpiecze\u0144stwie oraz uatrakcyjnienie pobytu [&hellip;]<\/p>\n","protected":false},"author":2,"featured_media":0,"parent":0,"menu_order":1,"comment_status":"closed","ping_status":"closed","template":"","meta":[],"_links":{"self":[{"href":"https:\/\/zsp9.poznan.pl\/index.php?rest_route=\/wp\/v2\/pages\/3217"}],"collection":[{"href":"https:\/\/zsp9.poznan.pl\/index.php?rest_route=\/wp\/v2\/pages"}],"about":[{"href":"https:\/\/zsp9.poznan.pl\/index.php?rest_route=\/wp\/v2\/types\/page"}],"author":[{"embeddable":true,"href":"https:\/\/zsp9.poznan.pl\/index.php?rest_route=\/wp\/v2\/users\/2"}],"replies":[{"embeddable":true,"href":"https:\/\/zsp9.poznan.pl\/index.php?rest_route=%2Fwp%2Fv2%2Fcomments&post=3217"}],"version-history":[{"count":4,"href":"https:\/\/zsp9.poznan.pl\/index.php?rest_route=\/wp\/v2\/pages\/3217\/revisions"}],"predecessor-version":[{"id":3672,"href":"https:\/\/zsp9.poznan.pl\/index.php?rest_route=\/wp\/v2\/pages\/3217\/revisions\/3672"}],"wp:attachment":[{"href":"https:\/\/zsp9.poznan.pl\/index.php?rest_route=%2Fwp%2Fv2%2Fmedia&parent=3217"}],"curies":[{"name":"wp","href":"https:\/\/api.w.org\/{rel}","templated":true}]}}