{"id":3632,"date":"2023-11-14T13:04:59","date_gmt":"2023-11-14T12:04:59","guid":{"rendered":"https:\/\/www.zsp9-poznan.pl\/?page_id=3632"},"modified":"2023-11-14T13:06:45","modified_gmt":"2023-11-14T12:06:45","slug":"jak-pomoc-osobie-w-kryzysie-samobojczym","status":"publish","type":"page","link":"https:\/\/zsp9.poznan.pl\/?page_id=3632","title":{"rendered":"PIERWSZA POMOC EMOCJONALNA"},"content":{"rendered":"\n<p><strong>Jak pom\u00f3c osobie w kryzysie samob\u00f3jczym, samookaleczenia, pr\u00f3by samob\u00f3jcze<\/strong>. <\/p>\n\n\n\n<div class=\"wp-block-themeisle-blocks-advanced-columns has-1-columns has-desktop-equal-layout has-tablet-equal-layout has-mobile-equal-layout has-default-gap has-vertical-unset\" id=\"wp-block-themeisle-blocks-advanced-columns-1949650d\"><div class=\"wp-block-themeisle-blocks-advanced-columns-overlay\"><\/div><div class=\"innerblocks-wrap\">\n<div class=\"wp-block-themeisle-blocks-advanced-column\" id=\"wp-block-themeisle-blocks-advanced-column-db2a61c1\">\n<p>W pa\u017adzierniku mieli\u015bmy okazje do spotkania z wyj\u0105tkowymi specjalistkami. Panie Patrycja Zenker, Magdalena Ryngwelska, Justyna Kaczmarek na co dzie\u0144 zajmuj\u0105ce si\u0119 osobami w kryzysie samob\u00f3jczym jak r\u00f3wnie\u017c z rodzinami, kt\u00f3rych ten kryzys dotkn\u0105\u0142. Specjalistki szkoli\u0142y rodzic\u00f3w i nauczycieli w zakresie rozpoznawania i pomocy w zagro\u017ceniu kryzysem. To wa\u017cne spotkanie, na kt\u00f3rym dostali\u015bmy szczeg\u00f3\u0142owe instrukcje, wskaz\u00f3wki i materia\u0142y. Dzielimy si\u0119 nimi z Pa\u0144stwem z nadziej\u0105, \u017ce zostan\u0105 dla nas wiedz\u0105 tylko teoretyczn\u0105. <\/p>\n<\/div>\n<\/div><\/div>\n\n\n\n<div class=\"wp-block-file\"><a href=\"https:\/\/www.zsp9-poznan.pl\/wp-content\/uploads\/2023\/11\/Pierwsza_pomoc_emocjonalna.pdf\">Pierwsza pomoc emocjonalna<\/a><a href=\"https:\/\/www.zsp9-poznan.pl\/wp-content\/uploads\/2023\/11\/Pierwsza_pomoc_emocjonalna.pdf\" class=\"wp-block-file__button\" download>Pobierz<\/a><\/div>\n\n\n\n<div class=\"wp-block-file\"><a href=\"https:\/\/www.zsp9-poznan.pl\/wp-content\/uploads\/2023\/11\/poradnik_samouszkodzenia_QdscBfH.pdf\">Poradnik samouszkodzenia<\/a><a href=\"https:\/\/www.zsp9-poznan.pl\/wp-content\/uploads\/2023\/11\/poradnik_samouszkodzenia_QdscBfH.pdf\" class=\"wp-block-file__button\" download>Pobierz<\/a><\/div>\n\n\n\n<div class=\"wp-block-file\"><a href=\"https:\/\/www.zsp9-poznan.pl\/wp-content\/uploads\/2023\/11\/prewencja-samobojstw-SP9.pdf\">Prewencja samob\u00f3jstw ZSP9<\/a><a href=\"https:\/\/www.zsp9-poznan.pl\/wp-content\/uploads\/2023\/11\/prewencja-samobojstw-SP9.pdf\" class=\"wp-block-file__button\" download>Pobierz<\/a><\/div>\n\n\n\n<div class=\"wp-block-file\"><a href=\"https:\/\/www.zsp9-poznan.pl\/wp-content\/uploads\/2023\/11\/poradnikdlaszkoliplacowekoswiatowychirodzicow.pdf\">Poradnik dla szkol i plac\u00f3wek o\u015bwiatowych i rodzic\u00f3w<\/a><a href=\"https:\/\/www.zsp9-poznan.pl\/wp-content\/uploads\/2023\/11\/poradnikdlaszkoliplacowekoswiatowychirodzicow.pdf\" class=\"wp-block-file__button\" download>Pobierz<\/a><\/div>\n\n\n\n<div class=\"wp-block-file\"><a href=\"https:\/\/www.zsp9-poznan.pl\/wp-content\/uploads\/2023\/11\/Plakat-pomocowy.pdf\">Plakat pomocowy<\/a><a href=\"https:\/\/www.zsp9-poznan.pl\/wp-content\/uploads\/2023\/11\/Plakat-pomocowy.pdf\" class=\"wp-block-file__button\" download>Pobierz<\/a><\/div>\n","protected":false},"excerpt":{"rendered":"<p>Jak pom\u00f3c osobie w kryzysie samob\u00f3jczym, samookaleczenia, pr\u00f3by samob\u00f3jcze.<\/p>\n","protected":false},"author":2,"featured_media":0,"parent":0,"menu_order":0,"comment_status":"closed","ping_status":"closed","template":"","meta":[],"_links":{"self":[{"href":"https:\/\/zsp9.poznan.pl\/index.php?rest_route=\/wp\/v2\/pages\/3632"}],"collection":[{"href":"https:\/\/zsp9.poznan.pl\/index.php?rest_route=\/wp\/v2\/pages"}],"about":[{"href":"https:\/\/zsp9.poznan.pl\/index.php?rest_route=\/wp\/v2\/types\/page"}],"author":[{"embeddable":true,"href":"https:\/\/zsp9.poznan.pl\/index.php?rest_route=\/wp\/v2\/users\/2"}],"replies":[{"embeddable":true,"href":"https:\/\/zsp9.poznan.pl\/index.php?rest_route=%2Fwp%2Fv2%2Fcomments&post=3632"}],"version-history":[{"count":3,"href":"https:\/\/zsp9.poznan.pl\/index.php?rest_route=\/wp\/v2\/pages\/3632\/revisions"}],"predecessor-version":[{"id":3641,"href":"https:\/\/zsp9.poznan.pl\/index.php?rest_route=\/wp\/v2\/pages\/3632\/revisions\/3641"}],"wp:attachment":[{"href":"https:\/\/zsp9.poznan.pl\/index.php?rest_route=%2Fwp%2Fv2%2Fmedia&parent=3632"}],"curies":[{"name":"wp","href":"https:\/\/api.w.org\/{rel}","templated":true}]}}