{"id":3705,"date":"2024-04-12T10:09:53","date_gmt":"2024-04-12T08:09:53","guid":{"rendered":"https:\/\/www.zsp9-poznan.pl\/?page_id=3705"},"modified":"2024-04-14T17:25:43","modified_gmt":"2024-04-14T15:25:43","slug":"patron","status":"publish","type":"page","link":"https:\/\/zsp9.poznan.pl\/?page_id=3705","title":{"rendered":"PATRON"},"content":{"rendered":"\n<p>W tej zak\u0142adce b\u0119dziemy informowa\u0107 Pa\u0144stwa o wszystkich krokach, jakie podejmujemy w celu wybrania Patrona naszej szko\u0142y.<\/p>\n\n\n\n<p><em>Podstawa prawna: Rozporz\u0105dzenie Ministra Edukacji Narodowej z dnia 28 lutego 2019 r. w sprawie szczeg\u00f3\u0142owej organizacji publicznych szk\u00f3\u0142 i publicznych przedszkoli (DZ. U. z dnia 2019 r., poz. 502).<\/em><\/p>\n\n\n\n<p>Skr\u00f3cona procedura nadania:<\/p>\n\n\n\n<ol type=\"1\"><li>Og\u0142oszenie konkursu na imi\u0119 szko\u0142y. Prezentacja kandydat\u00f3w na Radzie Pedagogicznej.<\/li><li>Wyb\u00f3r patrona na Radzie Pedagogicznej w drodze g\u0142osowania tajnego.<\/li><li>Z\u0142o\u017cenie wniosku do organu prowadz\u0105cego.<\/li><li>Podj\u0119cie uchwa\u0142y przez Rad\u0119 Miasta Poznania.<\/li><li>Zorganizowanie uroczysto\u015bci nadania imienia szkole.<\/li><\/ol>\n\n\n\n<div class=\"wp-block-themeisle-blocks-advanced-columns has-1-columns has-desktop-equal-layout has-tablet-equal-layout has-mobile-equal-layout has-default-gap has-vertical-unset\" id=\"wp-block-themeisle-blocks-advanced-columns-541c6d23\"><div class=\"wp-block-themeisle-blocks-advanced-columns-overlay\"><\/div><div class=\"innerblocks-wrap\">\n<div class=\"wp-block-themeisle-blocks-advanced-column\" id=\"wp-block-themeisle-blocks-advanced-column-037ad42c\">\n<div class=\"wp-block-file\"><a href=\"https:\/\/www.zsp9-poznan.pl\/wp-content\/uploads\/2024\/04\/Nadanie-imienia-HARMONOGRAM.pdf\">HARMONOGRAM<\/a><a href=\"https:\/\/www.zsp9-poznan.pl\/wp-content\/uploads\/2024\/04\/Nadanie-imienia-HARMONOGRAM.pdf\" class=\"wp-block-file__button\" download>Pobierz<\/a><\/div>\n<\/div>\n<\/div><\/div>\n\n\n\n<div class=\"wp-block-file\"><a href=\"https:\/\/www.zsp9-poznan.pl\/wp-content\/uploads\/2024\/04\/Microsoft-Word-Warunki-zgloszenia-kandydata-na-patrona-SP-93-w-Poznaniu.pdf\">WARUNKI ZG\u0141OSZENIA KANDYDATA<\/a><a href=\"https:\/\/www.zsp9-poznan.pl\/wp-content\/uploads\/2024\/04\/Microsoft-Word-Warunki-zgloszenia-kandydata-na-patrona-SP-93-w-Poznaniu.pdf\" class=\"wp-block-file__button\" download>Pobierz<\/a><\/div>\n\n\n\n<p><\/p>\n","protected":false},"excerpt":{"rendered":"<p>W tej zak\u0142adce b\u0119dziemy informowa\u0107 Pa\u0144stwa o wszystkich krokach, jakie podejmujemy w celu wybrania Patrona naszej szko\u0142y. Podstawa prawna: Rozporz\u0105dzenie Ministra Edukacji Narodowej z dnia 28 lutego 2019 r. w sprawie szczeg\u00f3\u0142owej organizacji publicznych szk\u00f3\u0142 i publicznych przedszkoli (DZ. U. z dnia 2019 r., poz. 502). Skr\u00f3cona procedura nadania: Og\u0142oszenie [&hellip;]<\/p>\n","protected":false},"author":2,"featured_media":0,"parent":0,"menu_order":0,"comment_status":"closed","ping_status":"closed","template":"","meta":[],"_links":{"self":[{"href":"https:\/\/zsp9.poznan.pl\/index.php?rest_route=\/wp\/v2\/pages\/3705"}],"collection":[{"href":"https:\/\/zsp9.poznan.pl\/index.php?rest_route=\/wp\/v2\/pages"}],"about":[{"href":"https:\/\/zsp9.poznan.pl\/index.php?rest_route=\/wp\/v2\/types\/page"}],"author":[{"embeddable":true,"href":"https:\/\/zsp9.poznan.pl\/index.php?rest_route=\/wp\/v2\/users\/2"}],"replies":[{"embeddable":true,"href":"https:\/\/zsp9.poznan.pl\/index.php?rest_route=%2Fwp%2Fv2%2Fcomments&post=3705"}],"version-history":[{"count":2,"href":"https:\/\/zsp9.poznan.pl\/index.php?rest_route=\/wp\/v2\/pages\/3705\/revisions"}],"predecessor-version":[{"id":3713,"href":"https:\/\/zsp9.poznan.pl\/index.php?rest_route=\/wp\/v2\/pages\/3705\/revisions\/3713"}],"wp:attachment":[{"href":"https:\/\/zsp9.poznan.pl\/index.php?rest_route=%2Fwp%2Fv2%2Fmedia&parent=3705"}],"curies":[{"name":"wp","href":"https:\/\/api.w.org\/{rel}","templated":true}]}}