{"id":3720,"date":"2024-08-07T10:25:03","date_gmt":"2024-08-07T08:25:03","guid":{"rendered":"https:\/\/www.zsp9-poznan.pl\/?page_id=3720"},"modified":"2024-08-07T10:25:03","modified_gmt":"2024-08-07T08:25:03","slug":"standardy-ochrony-maloletnich","status":"publish","type":"page","link":"https:\/\/zsp9.poznan.pl\/?page_id=3720","title":{"rendered":"Standardy Ochrony Ma\u0142oletnich"},"content":{"rendered":"\n<p>Preambu\u0142a<\/p>\n\n\n\n<p class=\"has-text-align-left has-small-font-size\">Niniejsze Standardy Ochrony Ma\u0142oletnich stanowi\u0105 wyraz troski i zobowi\u0105zania naszej instytucji wobec najwa\u017cniejszego dobra, jakim s\u0105 ma\u0142oletni. Przyj\u0119cie niniejszej Standard\u00f3w to nie tylko obowi\u0105zek prawny, ale tak\u017ce \u015bwiadomy krok w kierunku tworzenia bezpiecznego i wspieraj\u0105cego \u015brodowiska dla naszych podopiecznych. Jest ona fundamentem naszej etyki oraz moralnego i prawnego obowi\u0105zku zabezpieczenia ma\u0142oletnich przed wszelkimi formami krzywdy.<br>Znajomo\u015b\u0107 i praktyczne stosowanie Standard\u00f3w to moralny i zawodowy obowi\u0105zek wszystkich pracownik\u00f3w i wsp\u00f3\u0142pracownik\u00f3w ZSP 9 wynikaj\u0105cy r\u00f3wnie\u017c z og\u00f3lnych przepis\u00f3w prawa.<\/p>\n\n\n\n<div class=\"wp-block-themeisle-blocks-advanced-columns has-1-columns has-desktop-equal-layout has-tablet-equal-layout has-mobile-equal-layout has-default-gap has-vertical-unset\" id=\"wp-block-themeisle-blocks-advanced-columns-9af7aa06\"><div class=\"wp-block-themeisle-blocks-advanced-columns-overlay\"><\/div><div class=\"innerblocks-wrap\">\n<div class=\"wp-block-themeisle-blocks-advanced-column\" id=\"wp-block-themeisle-blocks-advanced-column-767048d0\">\n<div class=\"wp-block-file\"><a href=\"https:\/\/www.zsp9-poznan.pl\/wp-content\/uploads\/2024\/08\/Standardy-Ochrony-Maloletnich.pdf\">Standardy Ochrony Ma\u0142oletnich<\/a><a href=\"https:\/\/www.zsp9-poznan.pl\/wp-content\/uploads\/2024\/08\/Standardy-Ochrony-Maloletnich.pdf\" class=\"wp-block-file__button\" download>Pobierz<\/a><\/div>\n<\/div>\n<\/div><\/div>\n","protected":false},"excerpt":{"rendered":"<p>Preambu\u0142a Niniejsze Standardy Ochrony Ma\u0142oletnich stanowi\u0105 wyraz troski i zobowi\u0105zania naszej instytucji wobec najwa\u017cniejszego dobra, jakim s\u0105 ma\u0142oletni. Przyj\u0119cie niniejszej Standard\u00f3w to nie tylko obowi\u0105zek prawny, ale tak\u017ce \u015bwiadomy krok w kierunku tworzenia bezpiecznego i wspieraj\u0105cego \u015brodowiska dla naszych podopiecznych. Jest ona fundamentem naszej etyki oraz moralnego i prawnego obowi\u0105zku [&hellip;]<\/p>\n","protected":false},"author":2,"featured_media":0,"parent":0,"menu_order":0,"comment_status":"closed","ping_status":"closed","template":"","meta":[],"_links":{"self":[{"href":"https:\/\/zsp9.poznan.pl\/index.php?rest_route=\/wp\/v2\/pages\/3720"}],"collection":[{"href":"https:\/\/zsp9.poznan.pl\/index.php?rest_route=\/wp\/v2\/pages"}],"about":[{"href":"https:\/\/zsp9.poznan.pl\/index.php?rest_route=\/wp\/v2\/types\/page"}],"author":[{"embeddable":true,"href":"https:\/\/zsp9.poznan.pl\/index.php?rest_route=\/wp\/v2\/users\/2"}],"replies":[{"embeddable":true,"href":"https:\/\/zsp9.poznan.pl\/index.php?rest_route=%2Fwp%2Fv2%2Fcomments&post=3720"}],"version-history":[{"count":1,"href":"https:\/\/zsp9.poznan.pl\/index.php?rest_route=\/wp\/v2\/pages\/3720\/revisions"}],"predecessor-version":[{"id":3723,"href":"https:\/\/zsp9.poznan.pl\/index.php?rest_route=\/wp\/v2\/pages\/3720\/revisions\/3723"}],"wp:attachment":[{"href":"https:\/\/zsp9.poznan.pl\/index.php?rest_route=%2Fwp%2Fv2%2Fmedia&parent=3720"}],"curies":[{"name":"wp","href":"https:\/\/api.w.org\/{rel}","templated":true}]}}