{"id":3729,"date":"2024-08-30T18:52:32","date_gmt":"2024-08-30T16:52:32","guid":{"rendered":"https:\/\/www.zsp9-poznan.pl\/?page_id=3729"},"modified":"2024-09-23T13:14:35","modified_gmt":"2024-09-23T11:14:35","slug":"wymagania-edukacyjne","status":"publish","type":"page","link":"https:\/\/zsp9.poznan.pl\/?page_id=3729","title":{"rendered":"WYMAGANIA EDUKACYJNE"},"content":{"rendered":"\n<div class=\"wp-block-themeisle-blocks-advanced-columns has-1-columns has-desktop-equal-layout has-tablet-equal-layout has-mobile-equal-layout has-default-gap has-vertical-unset\" id=\"wp-block-themeisle-blocks-advanced-columns-9189e408\"><div class=\"wp-block-themeisle-blocks-advanced-columns-overlay\"><\/div><div class=\"innerblocks-wrap\">\n<div class=\"wp-block-themeisle-blocks-advanced-column\" id=\"wp-block-themeisle-blocks-advanced-column-b7e2c9fe\">\n<p>Szanowni Pa\u0144stwo poni\u017cej umieszczamy dokumenty, kt\u00f3re okre\u015blaj\u0105 wymagania edukacyjne z poszczeg\u00f3lnych przedmiot\u00f3w w zakresach klas 4-8<\/p>\n\n\n\n<p><strong>MATEMATYKA <\/strong><\/p>\n\n\n\n<p><a href=\"https:\/\/drive.google.com\/drive\/folders\/1g2SlV684k7NaZSFj33GNErPC_wU7-wou?usp=sharing\">link do folderu<\/a> <\/p>\n\n\n\n<p><strong>INFORMATYKA<\/strong> <\/p>\n\n\n\n<p><a href=\"https:\/\/drive.google.com\/drive\/folders\/13nBrWgxf4o6-DxUs-oAEN9O1q2IdOlVM?usp=sharing\">link do folderu<\/a> <\/p>\n\n\n\n<p><strong>CHEMIA I FIZYKA<\/strong><\/p>\n\n\n\n<p><a href=\"https:\/\/drive.google.com\/drive\/folders\/1rcU_x1q-A5tAIAu0trfl9nCS522SXAxP?usp=sharing\">link do folderu<\/a><\/p>\n\n\n\n<p>J\u0118ZYK ANGIELSKI<\/p>\n\n\n\n<p><a href=\"https:\/\/drive.google.com\/drive\/folders\/1UDlV8gndG6QV7F_LhoiOmfwRl5F3XV7D?usp=sharing\">link do folderu <\/a><\/p>\n\n\n\n<p>J\u0118ZYK POLSKI<\/p>\n\n\n\n<p><a href=\"https:\/\/drive.google.com\/drive\/folders\/12oD8XAvpCcVmwH_ipQhKajcwCpZEm3LZ?usp=sharing\">link do folderu<\/a><\/p>\n\n\n\n<p>BIOLOGIA I GEOGRAFIA<\/p>\n\n\n\n<p><a href=\"https:\/\/drive.google.com\/drive\/folders\/1NM5q1TM7-2VFWzlXDKyw46C8mQoG7f4N?usp=sharing\">link do folderu<\/a><\/p>\n\n\n\n<p>HISTORIA<\/p>\n\n\n\n<p><a href=\"https:\/\/drive.google.com\/drive\/folders\/18Qg4sBl5Osav5ZHjrhvF_xhiGQGgHXxS?usp=sharing\">link do folderu<\/a><\/p>\n\n\n\n<p>J\u0118ZYK NIEMIECKI<\/p>\n\n\n\n<p><a href=\"https:\/\/drive.google.com\/drive\/folders\/1mbYGt2MiIbLlG8c4vsAQwglRoVLolSw_?usp=sharing\">link do folderu<\/a><\/p>\n<\/div>\n<\/div><\/div>\n","protected":false},"excerpt":{"rendered":"","protected":false},"author":2,"featured_media":0,"parent":0,"menu_order":0,"comment_status":"closed","ping_status":"closed","template":"","meta":[],"_links":{"self":[{"href":"https:\/\/zsp9.poznan.pl\/index.php?rest_route=\/wp\/v2\/pages\/3729"}],"collection":[{"href":"https:\/\/zsp9.poznan.pl\/index.php?rest_route=\/wp\/v2\/pages"}],"about":[{"href":"https:\/\/zsp9.poznan.pl\/index.php?rest_route=\/wp\/v2\/types\/page"}],"author":[{"embeddable":true,"href":"https:\/\/zsp9.poznan.pl\/index.php?rest_route=\/wp\/v2\/users\/2"}],"replies":[{"embeddable":true,"href":"https:\/\/zsp9.poznan.pl\/index.php?rest_route=%2Fwp%2Fv2%2Fcomments&post=3729"}],"version-history":[{"count":9,"href":"https:\/\/zsp9.poznan.pl\/index.php?rest_route=\/wp\/v2\/pages\/3729\/revisions"}],"predecessor-version":[{"id":3790,"href":"https:\/\/zsp9.poznan.pl\/index.php?rest_route=\/wp\/v2\/pages\/3729\/revisions\/3790"}],"wp:attachment":[{"href":"https:\/\/zsp9.poznan.pl\/index.php?rest_route=%2Fwp%2Fv2%2Fmedia&parent=3729"}],"curies":[{"name":"wp","href":"https:\/\/api.w.org\/{rel}","templated":true}]}}