{"id":3802,"date":"2024-10-14T13:33:11","date_gmt":"2024-10-14T11:33:11","guid":{"rendered":"https:\/\/www.zsp9-poznan.pl\/?page_id=3802"},"modified":"2024-10-14T13:33:12","modified_gmt":"2024-10-14T11:33:12","slug":"hymn-szkoly-konkurs","status":"publish","type":"page","link":"https:\/\/zsp9.poznan.pl\/?page_id=3802","title":{"rendered":"Hymn Szko\u0142y &#8211; konkurs!"},"content":{"rendered":"\n<div class=\"wp-block-themeisle-blocks-advanced-columns has-1-columns has-desktop-equal-layout has-tablet-equal-layout has-mobile-equal-layout has-default-gap has-vertical-unset\" id=\"wp-block-themeisle-blocks-advanced-columns-d1ee7224\"><div class=\"wp-block-themeisle-blocks-advanced-columns-overlay\"><\/div><div class=\"innerblocks-wrap\">\n<div class=\"wp-block-themeisle-blocks-advanced-column\" id=\"wp-block-themeisle-blocks-advanced-column-affa008c\">\n<p>Szanowni Pa\u0144stwo prosimy zapozna\u0107 si\u0119 z regulaminem naszego konkursu i zapraszamy do udzia\u0142u w tym zaszczytnym zadaniu! <\/p>\n<\/div>\n<\/div><\/div>\n\n\n\n<div class=\"wp-block-file\"><a href=\"https:\/\/www.zsp9-poznan.pl\/wp-content\/uploads\/2024\/10\/Regulamin-Hymn-Szkolay.pdf\">Regulamin konkursu Hymn Szko\u0142y <\/a><a href=\"https:\/\/www.zsp9-poznan.pl\/wp-content\/uploads\/2024\/10\/Regulamin-Hymn-Szkolay.pdf\" class=\"wp-block-file__button\" download>Pobierz<\/a><\/div>\n","protected":false},"excerpt":{"rendered":"","protected":false},"author":2,"featured_media":0,"parent":0,"menu_order":0,"comment_status":"closed","ping_status":"closed","template":"","meta":[],"_links":{"self":[{"href":"https:\/\/zsp9.poznan.pl\/index.php?rest_route=\/wp\/v2\/pages\/3802"}],"collection":[{"href":"https:\/\/zsp9.poznan.pl\/index.php?rest_route=\/wp\/v2\/pages"}],"about":[{"href":"https:\/\/zsp9.poznan.pl\/index.php?rest_route=\/wp\/v2\/types\/page"}],"author":[{"embeddable":true,"href":"https:\/\/zsp9.poznan.pl\/index.php?rest_route=\/wp\/v2\/users\/2"}],"replies":[{"embeddable":true,"href":"https:\/\/zsp9.poznan.pl\/index.php?rest_route=%2Fwp%2Fv2%2Fcomments&post=3802"}],"version-history":[{"count":1,"href":"https:\/\/zsp9.poznan.pl\/index.php?rest_route=\/wp\/v2\/pages\/3802\/revisions"}],"predecessor-version":[{"id":3805,"href":"https:\/\/zsp9.poznan.pl\/index.php?rest_route=\/wp\/v2\/pages\/3802\/revisions\/3805"}],"wp:attachment":[{"href":"https:\/\/zsp9.poznan.pl\/index.php?rest_route=%2Fwp%2Fv2%2Fmedia&parent=3802"}],"curies":[{"name":"wp","href":"https:\/\/api.w.org\/{rel}","templated":true}]}}