{"id":55,"date":"2018-11-24T17:27:09","date_gmt":"2018-11-24T17:27:09","guid":{"rendered":"https:\/\/zsp9-poznan.pl\/?page_id=55"},"modified":"2023-08-22T17:13:13","modified_gmt":"2023-08-22T15:13:13","slug":"swietlica","status":"publish","type":"page","link":"https:\/\/zsp9.poznan.pl\/?page_id=55","title":{"rendered":"\u015aWIETLICA"},"content":{"rendered":"\n<p><strong>Wdra\u017camy innowacyjny system obs\u0142ugi \u015bwietlicy NEONKI !<\/strong><br>Drodzy Rodzice<br>W trosce o bezpiecze\u0144stwo naszych dzieci od nowego roku szkolnego wprowadzamy elektroniczny system obs\u0142ugi \u015bwietlicy pod nazw\u0105 NEONKI. Jest to innowacyjne rozwi\u0105zanie, kt\u00f3re wp\u0142ynie na podniesienie poziomu bezpiecze\u0144stwa, usprawni proces odbioru uczni\u00f3w ze \u015bwietlicy&nbsp;oraz pozwoli na komfortow\u0105 wsp\u00f3\u0142prac\u0119 mi\u0119dzy nami.&nbsp;<strong>System NEONKI jest wspomagany papierow\u0105 wersj\u0105 kart zg\u0142osze\u0144 i upowa\u017cnie\u0144,&nbsp;dlatego prosimy o wydrukowanie, wype\u0142nienie i pozostawienie&nbsp;u wychowawc\u00f3w&nbsp; karty zg\u0142oszenia ucznia do \u015bwietlicy.&nbsp;Na karty zg\u0142oszenia czekamy do 4 wrze\u015bnia.&nbsp;<\/strong><br>Poni\u017cej zamieszczamy&nbsp;kart\u0119 zg\u0142oszenia do \u015bwietlicy oraz k<a href=\"https:\/\/youtu.be\/oPwG2oYiiUc\">r\u00f3tki filmik ilustruj\u0105cy dzia\u0142anie systemu <strong>Neonki.<\/strong><\/a><\/p>\n\n\n\n<div class=\"wp-block-file\"><a href=\"https:\/\/www.zsp9-poznan.pl\/wp-content\/uploads\/2023\/08\/karta-zgloszena.docx\">Karta zg\u0142oszenia do swietlicy<\/a><a href=\"https:\/\/www.zsp9-poznan.pl\/wp-content\/uploads\/2023\/08\/karta-zgloszena.docx\" class=\"wp-block-file__button\" download>Pobierz<\/a><\/div>\n\n\n<p><strong>\u015awietlica to miejsce spotka\u0144, odpoczynku, zabawy, nauki oraz rozwoju zainteresowa\u0144 dzieci.\u00a0<\/strong><\/p>\n<p>W naszej \u015bwietlicy pod opiek\u0105 wychowawc\u00f3w uczniowie mog\u0105:<\/p>\n<ul>\n<li>odrabia\u0107 prace domowe<\/li>\n<li>rozwin\u0105\u0107 swoje zdolno\u015bci manualne wykonuj\u0105c prace plastyczne<\/li>\n<li>po\u0107wiczy\u0107 sw\u00f3j umys\u0142 graj\u0105c w gry logiczne ,rozwi\u0105zuj\u0105c krzy\u017c\u00f3wki, zagadki, rebusy<\/li>\n<li>wzi\u0105\u0107 udzia\u0142 w konkursach z nagrodami<\/li>\n<li>pobawi\u0107 si\u0119 na placu zabaw<\/li>\n<li>pogra\u0107 w pi\u0142k\u0119 na boisku<\/li>\n<li>pozna\u0107 kole\u017canki i koleg\u00f3w z innych klas<\/li>\n<li>mi\u0142o sp\u0119dzi\u0107 wolny czas<\/li>\n<\/ul>\n<p>Praca nauczycieli polega w\u00f3wczas na podsuwaniu pomys\u0142\u00f3w, dyskretnym kierowaniu i zach\u0119caniu do dzia\u0142ania, co pozwala ujawni\u0107 zainteresowania dzieci i stwarza warunki do rozwoju zdolno\u015bci ka\u017cdego z nich. Uczniowie bior\u0105 r\u00f3wnie\u017c udzia\u0142 w zorganizowanych zaj\u0119ciach zgodnych z tygodniowym cyklem tematycznym. Gdy dopisuje pogoda, sp\u0119dzamy czas na \u015bwie\u017cym powietrzu.<\/p>\n<p>Zapraszamy!<\/p>","protected":false},"excerpt":{"rendered":"<p>Wdra\u017camy innowacyjny system obs\u0142ugi \u015bwietlicy NEONKI !Drodzy RodziceW trosce o bezpiecze\u0144stwo naszych dzieci od nowego roku szkolnego wprowadzamy elektroniczny system obs\u0142ugi \u015bwietlicy pod nazw\u0105 NEONKI. Jest to innowacyjne rozwi\u0105zanie, kt\u00f3re wp\u0142ynie na podniesienie poziomu bezpiecze\u0144stwa, usprawni proces odbioru uczni\u00f3w ze \u015bwietlicy&nbsp;oraz pozwoli na komfortow\u0105 wsp\u00f3\u0142prac\u0119 mi\u0119dzy nami.&nbsp;System NEONKI jest wspomagany [&hellip;]<\/p>\n","protected":false},"author":2,"featured_media":0,"parent":0,"menu_order":0,"comment_status":"closed","ping_status":"closed","template":"","meta":[],"_links":{"self":[{"href":"https:\/\/zsp9.poznan.pl\/index.php?rest_route=\/wp\/v2\/pages\/55"}],"collection":[{"href":"https:\/\/zsp9.poznan.pl\/index.php?rest_route=\/wp\/v2\/pages"}],"about":[{"href":"https:\/\/zsp9.poznan.pl\/index.php?rest_route=\/wp\/v2\/types\/page"}],"author":[{"embeddable":true,"href":"https:\/\/zsp9.poznan.pl\/index.php?rest_route=\/wp\/v2\/users\/2"}],"replies":[{"embeddable":true,"href":"https:\/\/zsp9.poznan.pl\/index.php?rest_route=%2Fwp%2Fv2%2Fcomments&post=55"}],"version-history":[{"count":29,"href":"https:\/\/zsp9.poznan.pl\/index.php?rest_route=\/wp\/v2\/pages\/55\/revisions"}],"predecessor-version":[{"id":3576,"href":"https:\/\/zsp9.poznan.pl\/index.php?rest_route=\/wp\/v2\/pages\/55\/revisions\/3576"}],"wp:attachment":[{"href":"https:\/\/zsp9.poznan.pl\/index.php?rest_route=%2Fwp%2Fv2%2Fmedia&parent=55"}],"curies":[{"name":"wp","href":"https:\/\/api.w.org\/{rel}","templated":true}]}}