{"id":594,"date":"2019-02-24T19:24:41","date_gmt":"2019-02-24T19:24:41","guid":{"rendered":"https:\/\/www.zsp9-poznan.pl\/?page_id=594"},"modified":"2024-09-17T22:03:01","modified_gmt":"2024-09-17T20:03:01","slug":"wolontariat","status":"publish","type":"page","link":"https:\/\/zsp9.poznan.pl\/?page_id=594","title":{"rendered":"WOLONTARIAT"},"content":{"rendered":"\n<figure class=\"wp-block-image size-large is-resized is-style-rounded\"><img loading=\"lazy\" src=\"https:\/\/www.zsp9-poznan.pl\/wp-content\/uploads\/2022\/09\/wolontariat-2-edited.jpg\" alt=\"\" class=\"wp-image-2943\" width=\"585\" height=\"366\" srcset=\"https:\/\/zsp9.poznan.pl\/wp-content\/uploads\/2022\/09\/wolontariat-2-edited.jpg 720w, https:\/\/zsp9.poznan.pl\/wp-content\/uploads\/2022\/09\/wolontariat-2-edited-300x188.jpg 300w\" sizes=\"(max-width: 585px) 100vw, 585px\" \/><\/figure>\n\n\n\n<p>O tym, \u017ce w szkole dzia\u0142a wolontariat wida\u0107 nieubranym okiem! wystarczy wspomnie\u0107 te akcje prowadzone cyklicznie jak: pi\u0105tkowe Czytanie na dywanie, czy te od \u015bwi\u0119ta jak Walentynkowa poczta \u017cycze\u0144 i wiele innych w jakich mogli\u015bmy bra\u0107 udzia\u0142 w zesz\u0142ym roku.<\/p>\n\n\n\n<p>Wolontariat to jedyna taka forma dzia\u0142alno\u015bci, kt\u00f3ra zabieraj\u0105c nam (czas) jednocze\u015bnie nas wzbogaca!<\/p>\n\n\n\n<div class=\"wp-block-file\"><a href=\"https:\/\/www.zsp9-poznan.pl\/wp-content\/uploads\/2024\/09\/Regulamin-Szkolnego-Wolontariatu-SP-93-w-Poznaniu-2024-25.pdf\">Regulamin Szkolnego Wolontariatu SP 93 w Poznaniu 2024-25<\/a><a href=\"https:\/\/www.zsp9-poznan.pl\/wp-content\/uploads\/2024\/09\/Regulamin-Szkolnego-Wolontariatu-SP-93-w-Poznaniu-2024-25.pdf\" class=\"wp-block-file__button\" download>Pobierz<\/a><\/div>\n\n\n\n<figure class=\"wp-block-image size-large\"><img loading=\"lazy\" width=\"600\" height=\"450\" src=\"https:\/\/www.zsp9-poznan.pl\/wp-content\/uploads\/2022\/09\/76184069_856730658077372_3714996417249411072_n.jpg\" alt=\"\" class=\"wp-image-2944\" srcset=\"https:\/\/zsp9.poznan.pl\/wp-content\/uploads\/2022\/09\/76184069_856730658077372_3714996417249411072_n.jpg 600w, https:\/\/zsp9.poznan.pl\/wp-content\/uploads\/2022\/09\/76184069_856730658077372_3714996417249411072_n-300x225.jpg 300w\" sizes=\"(max-width: 600px) 100vw, 600px\" \/><\/figure>\n\n\n\n<figure class=\"wp-block-image size-large\"><img loading=\"lazy\" width=\"720\" height=\"960\" src=\"https:\/\/www.zsp9-poznan.pl\/wp-content\/uploads\/2022\/09\/165502616_1231248037292297_1210437309458483509_n.jpg\" alt=\"\" class=\"wp-image-2946\" srcset=\"https:\/\/zsp9.poznan.pl\/wp-content\/uploads\/2022\/09\/165502616_1231248037292297_1210437309458483509_n.jpg 720w, https:\/\/zsp9.poznan.pl\/wp-content\/uploads\/2022\/09\/165502616_1231248037292297_1210437309458483509_n-225x300.jpg 225w\" sizes=\"(max-width: 720px) 100vw, 720px\" \/><\/figure>\n","protected":false},"excerpt":{"rendered":"<p>O tym, \u017ce w szkole dzia\u0142a wolontariat wida\u0107 nieubranym okiem! wystarczy wspomnie\u0107 te akcje prowadzone cyklicznie jak: pi\u0105tkowe Czytanie na dywanie, czy te od \u015bwi\u0119ta jak Walentynkowa poczta \u017cycze\u0144 i wiele innych w jakich mogli\u015bmy bra\u0107 udzia\u0142 w zesz\u0142ym roku. Wolontariat to jedyna taka forma dzia\u0142alno\u015bci, kt\u00f3ra zabieraj\u0105c nam (czas) [&hellip;]<\/p>\n","protected":false},"author":2,"featured_media":0,"parent":2114,"menu_order":0,"comment_status":"closed","ping_status":"closed","template":"","meta":[],"_links":{"self":[{"href":"https:\/\/zsp9.poznan.pl\/index.php?rest_route=\/wp\/v2\/pages\/594"}],"collection":[{"href":"https:\/\/zsp9.poznan.pl\/index.php?rest_route=\/wp\/v2\/pages"}],"about":[{"href":"https:\/\/zsp9.poznan.pl\/index.php?rest_route=\/wp\/v2\/types\/page"}],"author":[{"embeddable":true,"href":"https:\/\/zsp9.poznan.pl\/index.php?rest_route=\/wp\/v2\/users\/2"}],"replies":[{"embeddable":true,"href":"https:\/\/zsp9.poznan.pl\/index.php?rest_route=%2Fwp%2Fv2%2Fcomments&post=594"}],"version-history":[{"count":16,"href":"https:\/\/zsp9.poznan.pl\/index.php?rest_route=\/wp\/v2\/pages\/594\/revisions"}],"predecessor-version":[{"id":3762,"href":"https:\/\/zsp9.poznan.pl\/index.php?rest_route=\/wp\/v2\/pages\/594\/revisions\/3762"}],"up":[{"embeddable":true,"href":"https:\/\/zsp9.poznan.pl\/index.php?rest_route=\/wp\/v2\/pages\/2114"}],"wp:attachment":[{"href":"https:\/\/zsp9.poznan.pl\/index.php?rest_route=%2Fwp%2Fv2%2Fmedia&parent=594"}],"curies":[{"name":"wp","href":"https:\/\/api.w.org\/{rel}","templated":true}]}}