{"id":891,"date":"2019-04-15T06:25:43","date_gmt":"2019-04-15T06:25:43","guid":{"rendered":"https:\/\/www.zsp9-poznan.pl\/?page_id=891"},"modified":"2020-01-21T10:55:24","modified_gmt":"2020-01-21T10:55:24","slug":"dokumenty","status":"publish","type":"page","link":"https:\/\/zsp9.poznan.pl\/?page_id=891","title":{"rendered":"Dokumenty"},"content":{"rendered":"<p>Poni\u017cej dokumenty zwi\u0105zane z funkcjonowaniem przedszkola.<\/p>\n<p><a href=\"https:\/\/www.zsp9-poznan.pl\/wp-content\/uploads\/2020\/01\/STATUT-PRZEDSZKOLA-193.pdf\">STATUT PRZEDSZKOLA nr 193<\/a><\/p>\n<p><a href=\"https:\/\/www.zsp9-poznan.pl\/wp-content\/uploads\/2019\/04\/Ramowy-rozk\u0142ad-dnia1.pdf\">Ramowy rozk\u0142ad dnia(1)<\/a><\/p>\n<p><a href=\"https:\/\/www.zsp9-poznan.pl\/wp-content\/uploads\/2019\/09\/REGULAMIN-WEJ\u015aCIA-I-WYJ\u015aCIA-Z-PRZEDSZKOLA.pdf\">REGULAMIN WEJ\u015aCIA I WYJ\u015aCIA Z PRZEDSZKOLA<\/a><\/p>\n","protected":false},"excerpt":{"rendered":"<p>Poni\u017cej dokumenty zwi\u0105zane z funkcjonowaniem przedszkola. STATUT PRZEDSZKOLA nr 193 Ramowy rozk\u0142ad dnia(1) REGULAMIN WEJ\u015aCIA I WYJ\u015aCIA Z PRZEDSZKOLA<\/p>\n","protected":false},"author":2,"featured_media":0,"parent":51,"menu_order":0,"comment_status":"closed","ping_status":"closed","template":"","meta":[],"_links":{"self":[{"href":"https:\/\/zsp9.poznan.pl\/index.php?rest_route=\/wp\/v2\/pages\/891"}],"collection":[{"href":"https:\/\/zsp9.poznan.pl\/index.php?rest_route=\/wp\/v2\/pages"}],"about":[{"href":"https:\/\/zsp9.poznan.pl\/index.php?rest_route=\/wp\/v2\/types\/page"}],"author":[{"embeddable":true,"href":"https:\/\/zsp9.poznan.pl\/index.php?rest_route=\/wp\/v2\/users\/2"}],"replies":[{"embeddable":true,"href":"https:\/\/zsp9.poznan.pl\/index.php?rest_route=%2Fwp%2Fv2%2Fcomments&post=891"}],"version-history":[{"count":4,"href":"https:\/\/zsp9.poznan.pl\/index.php?rest_route=\/wp\/v2\/pages\/891\/revisions"}],"predecessor-version":[{"id":2100,"href":"https:\/\/zsp9.poznan.pl\/index.php?rest_route=\/wp\/v2\/pages\/891\/revisions\/2100"}],"up":[{"embeddable":true,"href":"https:\/\/zsp9.poznan.pl\/index.php?rest_route=\/wp\/v2\/pages\/51"}],"wp:attachment":[{"href":"https:\/\/zsp9.poznan.pl\/index.php?rest_route=%2Fwp%2Fv2%2Fmedia&parent=891"}],"curies":[{"name":"wp","href":"https:\/\/api.w.org\/{rel}","templated":true}]}}