{"id":949,"date":"2019-04-28T10:28:35","date_gmt":"2019-04-28T10:28:35","guid":{"rendered":"https:\/\/www.zsp9-poznan.pl\/?page_id=949"},"modified":"2023-02-16T11:43:49","modified_gmt":"2023-02-16T10:43:49","slug":"pomoce-dla-dzieci-scratch","status":"publish","type":"page","link":"https:\/\/zsp9.poznan.pl\/?page_id=949","title":{"rendered":"POMOCE DLA DZIECI (SCRATCH)"},"content":{"rendered":"<p>Dzi\u0119ki uprzejmo\u015bci koleg\u00f3w ze Szko\u0142y Podstawowej nr 7 przedstawiamy pomoce naukowe dla m\u0142odszych dzieci wykonane w Scratch.<\/p>\n<p><strong>Tabliczka mno\u017cenia z nietoperzem<\/strong><a href=\"https:\/\/scratch.mit.edu\/projects\/175814748\/#fullscreen\" target=\"_blank\" rel=\"noopener\"><img loading=\"lazy\" class=\"alignright wp-image-7248 size-thumbnail\" src=\"https:\/\/sp7poz.nazwa.pl\/nowa\/wp-content\/uploads\/2017\/09\/scratch_mnozenie-150x150c.png\" alt=\"\" width=\"150\" height=\"150\" \/><\/a> \u2013 <em>to test znajomo\u015bci tabliczki mno\u017cenia z zakresu od 1\u00d71 do 9\u00d79.<\/em><\/p>\n<p><em>Nie ma Ci\u0119 kto przepyta\u0107? Zrobi to nietoperz <\/em><\/p>\n<p><\/p>\n<p><strong>Minionkowa tabliczka mno\u017cenia na czas<\/strong> \u2013 <em>kolejny<\/em><br \/><em>test z<a href=\"https:\/\/scratch.mit.edu\/projects\/176071064\/#fullscreen\" target=\"_blank\" rel=\"noopener\"><img loading=\"lazy\" class=\"alignright wp-image-7258 size-thumbnail\" src=\"https:\/\/sp7poz.nazwa.pl\/nowa\/wp-content\/uploads\/2017\/09\/scratch_tablicza_mini-150x150c.png\" alt=\"\" width=\"150\" height=\"150\" \/><\/a>najomo\u015bci tabliczki mno\u017cenia \u2013 tym razem rozwi\u0105zujemy zadania na czas, pod czujnym okiem Minionka. Powodzenia!!!<br \/><\/em><\/p>\n<p><\/p>\n<p><\/p>\n<p><strong>Kt\u00f3ra godzina?\u00a0<\/strong><em>\u2013 to projekt pomagaj\u0105cy w przyswojeniu <a href=\"https:\/\/scratch.mit.edu\/projects\/174997954\/#fullscreen\" target=\"_blank\" rel=\"noopener\"><img loading=\"lazy\" class=\"alignright wp-image-7241 size-thumbnail\" src=\"https:\/\/sp7poz.nazwa.pl\/nowa\/wp-content\/uploads\/2017\/09\/scratch_zegar-150x150c.png\" alt=\"\" width=\"150\" height=\"150\" \/><\/a><\/em><br \/><em>umiej\u0119tno\u015bci rozpoznawania w\u0142a\u015bciwej godziny na zegarze wskaz\u00f3wkowym. <\/em><br \/><em>Program dzia\u0142a w trybach: pokazywania losowej godziny, <\/em><br \/><em>godziny wskazanej przez u\u017cytkownika, oraz w trybie testu \u2013 sprawdzenia umiej\u0119tno\u015bci.<\/em><\/p>\n\n\n<p>Zgadywanka logiczna przygotowana przez uczni\u00f3w klasy 8https:\/\/scratch.mit.edu\/projects\/525861077<\/p>\n","protected":false},"excerpt":{"rendered":"<p>Dzi\u0119ki uprzejmo\u015bci koleg\u00f3w ze Szko\u0142y Podstawowej nr 7 przedstawiamy pomoce naukowe dla m\u0142odszych dzieci wykonane w Scratch. Tabliczka mno\u017cenia z nietoperzem \u2013 to test znajomo\u015bci tabliczki mno\u017cenia z zakresu od 1\u00d71 do 9\u00d79. Nie ma Ci\u0119 kto przepyta\u0107? Zrobi to nietoperz Minionkowa tabliczka mno\u017cenia na czas \u2013 kolejnytest znajomo\u015bci tabliczki [&hellip;]<\/p>\n","protected":false},"author":2,"featured_media":0,"parent":959,"menu_order":0,"comment_status":"closed","ping_status":"closed","template":"","meta":[],"_links":{"self":[{"href":"https:\/\/zsp9.poznan.pl\/index.php?rest_route=\/wp\/v2\/pages\/949"}],"collection":[{"href":"https:\/\/zsp9.poznan.pl\/index.php?rest_route=\/wp\/v2\/pages"}],"about":[{"href":"https:\/\/zsp9.poznan.pl\/index.php?rest_route=\/wp\/v2\/types\/page"}],"author":[{"embeddable":true,"href":"https:\/\/zsp9.poznan.pl\/index.php?rest_route=\/wp\/v2\/users\/2"}],"replies":[{"embeddable":true,"href":"https:\/\/zsp9.poznan.pl\/index.php?rest_route=%2Fwp%2Fv2%2Fcomments&post=949"}],"version-history":[{"count":10,"href":"https:\/\/zsp9.poznan.pl\/index.php?rest_route=\/wp\/v2\/pages\/949\/revisions"}],"predecessor-version":[{"id":3356,"href":"https:\/\/zsp9.poznan.pl\/index.php?rest_route=\/wp\/v2\/pages\/949\/revisions\/3356"}],"up":[{"embeddable":true,"href":"https:\/\/zsp9.poznan.pl\/index.php?rest_route=\/wp\/v2\/pages\/959"}],"wp:attachment":[{"href":"https:\/\/zsp9.poznan.pl\/index.php?rest_route=%2Fwp%2Fv2%2Fmedia&parent=949"}],"curies":[{"name":"wp","href":"https:\/\/api.w.org\/{rel}","templated":true}]}}